{"id":5266,"date":"2021-07-18T08:03:35","date_gmt":"2021-07-18T08:03:35","guid":{"rendered":"https:\/\/nuss.uxper.co\/luxury-resort\/?page_id=5266"},"modified":"2025-09-14T06:12:37","modified_gmt":"2025-09-14T06:12:37","slug":"chi-siamo","status":"publish","type":"page","link":"https:\/\/cityxiyoulihotel.com\/it\/chi-siamo\/","title":{"rendered":"Chi siamo"},"content":{"rendered":"<div data-elementor-type=\"wp-page\" data-elementor-id=\"5266\" class=\"elementor elementor-5266\">\n\t\t\t\t\t\t<section class=\"elementor-section elementor-top-section elementor-element elementor-element-10416953 elementor-section-boxed elementor-section-gap-beside-yes elementor-section-height-default elementor-section-height-default elementor-section-column-vertical-align-stretch\" data-id=\"10416953\" data-element_type=\"section\" data-e-type=\"section\">\n\t\t\t\t\t\t<div class=\"elementor-container elementor-column-gap-extended\">\n\t\t\t\t\t<div class=\"elementor-column elementor-col-100 elementor-top-column elementor-element elementor-element-29c6aa8\" data-id=\"29c6aa8\" data-element_type=\"column\" data-e-type=\"column\">\n\t\t\t<div class=\"elementor-widget-wrap elementor-element-populated\">\n\t\t\t\t\t\t<div class=\"elementor-element elementor-element-7be18fe7 elementor-widget__width-initial elementor-invisible elementor-widget elementor-widget-text-editor\" data-id=\"7be18fe7\" data-element_type=\"widget\" data-e-type=\"widget\" data-settings=\"{&quot;_animation&quot;:&quot;nussFadeInUp&quot;}\" data-widget_type=\"text-editor.default\">\n\t\t\t\t\t\t\t\t\t<div class=\"svelte-1c06zsf\" data-lang-code=\"\"><p><strong data-spm-anchor-id=\"a2ty_o01.29997173.0.i32.612cc921SB393y\">City Xiyouli Hotel: dove Chengdu respira in silenzio<\/strong><\/p><\/div>\t\t\t\t\t\t\t\t<\/div>\n\t\t\t\t\t<\/div>\n\t\t<\/div>\n\t\t\t\t\t<\/div>\n\t\t<\/section>\n\t\t\t\t<section class=\"elementor-section elementor-top-section elementor-element elementor-element-7d18327f elementor-section-boxed elementor-section-gap-beside-yes elementor-section-height-default elementor-section-height-default elementor-section-column-vertical-align-stretch\" data-id=\"7d18327f\" data-element_type=\"section\" data-e-type=\"section\">\n\t\t\t\t\t\t<div class=\"elementor-container elementor-column-gap-extended\">\n\t\t\t\t\t<div class=\"elementor-column elementor-col-50 elementor-top-column elementor-element elementor-element-56533670\" data-id=\"56533670\" data-element_type=\"column\" data-e-type=\"column\">\n\t\t\t<div class=\"elementor-widget-wrap elementor-element-populated\">\n\t\t\t\t\t\t<div class=\"elementor-element elementor-element-19c3f543 elementor-invisible elementor-widget elementor-widget-text-editor\" data-id=\"19c3f543\" data-element_type=\"widget\" data-e-type=\"widget\" data-settings=\"{&quot;_animation&quot;:&quot;nussFadeInUp&quot;}\" data-widget_type=\"text-editor.default\">\n\t\t\t\t\t\t\t\t\t<p>Situato nel cuore del quartiere pi\u00f9 ricco di cultura di Chengdu, il City Xiyouli Hotel, al numero 88 della Sezione 2 di Renmin Middle Road, nel distretto di Qingyang, offre pi\u00f9 di un semplice soggiorno: offre un viaggio immersivo nell&#039;anima tranquilla del Sichuan. A pochi minuti da monumenti iconici come il Santuario di Wuhou, l&#039;antica via Jinli e il Centro di Ricerca e Allevamento dei Panda Giganti di Chengdu, questo boutique hotel urbano ridefinisce l&#039;ospitalit\u00e0 attraverso un&#039;eleganza sobria, un design attento e una profonda autenticit\u00e0 locale.<\/p>\t\t\t\t\t\t\t\t<\/div>\n\t\t\t\t\t<\/div>\n\t\t<\/div>\n\t\t\t\t<div class=\"elementor-column elementor-col-50 elementor-top-column elementor-element elementor-element-30f14127\" data-id=\"30f14127\" data-element_type=\"column\" data-e-type=\"column\">\n\t\t\t<div class=\"elementor-widget-wrap elementor-element-populated\">\n\t\t\t\t\t\t<div class=\"elementor-element elementor-element-59aea08 elementor-widget elementor-widget-image\" data-id=\"59aea08\" data-element_type=\"widget\" data-e-type=\"widget\" data-widget_type=\"image.default\">\n\t\t\t\t\t\t\t\t\t\t\t\t\t\t\t<img fetchpriority=\"high\" decoding=\"async\" width=\"1024\" height=\"575\" src=\"https:\/\/cityxiyoulihotel.com\/wp-content\/uploads\/2025\/09\/City-Xiyouli-Hotel-168-1024x575.webp\" class=\"attachment-large size-large wp-image-6189\" alt=\"\" srcset=\"https:\/\/cityxiyoulihotel.com\/wp-content\/uploads\/2025\/09\/City-Xiyouli-Hotel-168-1024x575.webp 1024w, https:\/\/cityxiyoulihotel.com\/wp-content\/uploads\/2025\/09\/City-Xiyouli-Hotel-168-300x169.webp 300w, https:\/\/cityxiyoulihotel.com\/wp-content\/uploads\/2025\/09\/City-Xiyouli-Hotel-168-768x431.webp 768w, https:\/\/cityxiyoulihotel.com\/wp-content\/uploads\/2025\/09\/City-Xiyouli-Hotel-168-18x10.webp 18w, https:\/\/cityxiyoulihotel.com\/wp-content\/uploads\/2025\/09\/City-Xiyouli-Hotel-168.webp 1280w\" sizes=\"(max-width: 1024px) 100vw, 1024px\" \/>\t\t\t\t\t\t\t\t\t\t\t\t\t\t\t<\/div>\n\t\t\t\t\t<\/div>\n\t\t<\/div>\n\t\t\t\t\t<\/div>\n\t\t<\/section>\n\t\t\t\t<section class=\"elementor-section elementor-top-section elementor-element elementor-element-29fb8578 elementor-section-height-min-height elementor-section-stretched elementor-section-full_width elementor-section-items-stretch elementor-section-height-default elementor-section-column-vertical-align-stretch\" data-id=\"29fb8578\" data-element_type=\"section\" data-e-type=\"section\" data-settings=\"{&quot;stretch_section&quot;:&quot;section-stretched&quot;}\">\n\t\t\t\t\t\t<div class=\"elementor-container elementor-column-gap-no\">\n\t\t\t\t\t<div class=\"elementor-column elementor-col-50 elementor-top-column elementor-element elementor-element-40ac270b\" data-id=\"40ac270b\" data-element_type=\"column\" data-e-type=\"column\">\n\t\t\t<div class=\"elementor-widget-wrap elementor-element-populated\">\n\t\t\t\t\t\t<div class=\"elementor-element elementor-element-20872773 elementor-widget__width-initial elementor-widget-mobile__width-inherit elementor-invisible nuss-elementor-loading nuss-slide-in-right elementor-widget elementor-widget-image\" data-id=\"20872773\" data-element_type=\"widget\" data-e-type=\"widget\" data-settings=\"{&quot;_animation&quot;:&quot;nussSlideInRight&quot;}\" data-widget_type=\"image.default\">\n\t\t\t\t\t\t\t\t\t\t\t\t\t\t\t<img decoding=\"async\" width=\"1277\" height=\"853\" src=\"https:\/\/cityxiyoulihotel.com\/wp-content\/uploads\/2025\/09\/City-Xiyouli-Hotel-229.webp\" class=\"attachment-full size-full wp-image-6250\" alt=\"\" srcset=\"https:\/\/cityxiyoulihotel.com\/wp-content\/uploads\/2025\/09\/City-Xiyouli-Hotel-229.webp 1277w, https:\/\/cityxiyoulihotel.com\/wp-content\/uploads\/2025\/09\/City-Xiyouli-Hotel-229-300x200.webp 300w, https:\/\/cityxiyoulihotel.com\/wp-content\/uploads\/2025\/09\/City-Xiyouli-Hotel-229-1024x684.webp 1024w, https:\/\/cityxiyoulihotel.com\/wp-content\/uploads\/2025\/09\/City-Xiyouli-Hotel-229-768x513.webp 768w, https:\/\/cityxiyoulihotel.com\/wp-content\/uploads\/2025\/09\/City-Xiyouli-Hotel-229-18x12.webp 18w\" sizes=\"(max-width: 1277px) 100vw, 1277px\" \/>\t\t\t\t\t\t\t\t\t\t\t\t\t\t\t<\/div>\n\t\t\t\t\t<\/div>\n\t\t<\/div>\n\t\t\t\t<div class=\"elementor-column elementor-col-50 elementor-top-column elementor-element elementor-element-2dac103\" data-id=\"2dac103\" data-element_type=\"column\" data-e-type=\"column\">\n\t\t\t<div class=\"elementor-widget-wrap elementor-element-populated\">\n\t\t\t\t\t\t<div class=\"elementor-element elementor-element-6f1b8966 elementor-invisible elementor-widget elementor-widget-text-editor\" data-id=\"6f1b8966\" data-element_type=\"widget\" data-e-type=\"widget\" data-settings=\"{&quot;_animation&quot;:&quot;nussFadeInUp&quot;}\" data-widget_type=\"text-editor.default\">\n\t\t\t\t\t\t\t\t\t<p data-spm-anchor-id=\"a2ty_o01.29997173.0.i27.612cc921SB393y\">Entrate e lasciatevi alle spalle il vivace trambusto della citt\u00e0. Ogni angolo del City Xiyouli sussurra la tradizione del Sichuan: lino tessuto a mano si stende dolcemente sui pavimenti rifiniti in teak, calligrafie a inchiostro impreziosiscono pareti minimaliste e il delicato aroma di gelsomino e mandarino essiccato aleggia nell&#039;aria, creato non per essere spettacolare, ma per infondere serenit\u00e0. Le camere sono santuari di calma, con biancheria da letto in fibra di bamb\u00f9 che vi far\u00e0 sentire come se dormiste sulle nuvole, rituali di bagno alle erbe infusi con piante botaniche locali e finestre a tutta altezza che incorniciano il bagliore dorato del crepuscolo di Chengdu.<\/p><div class=\"my-2\">\u00a0<\/div><p>Nel nostro pluripremiato ristorante, lo chef Li trasforma ricette secolari del Sichuan in esperienze culinarie poetiche, dove il mapo tofu non urla di calore, ma mormora di profondit\u00e0; dove l&#039;anatra affumicata al t\u00e8 viene stagionata lentamente secondo tecniche ancestrali e i noodles tirati a mano cullano tenero maiale brasato in armonia con la soia stagionata e i morbidi grani di pepe del Sichuan. Ogni piatto arriva su ceramiche fatte a mano, servito sotto lanterne di carta mentre le melodie della pipa aleggiano nell&#039;aria della sera.<\/p>\t\t\t\t\t\t\t\t<\/div>\n\t\t\t\t\t<\/div>\n\t\t<\/div>\n\t\t\t\t\t<\/div>\n\t\t<\/section>\n\t\t\t\t<section class=\"elementor-section elementor-top-section elementor-element elementor-element-1ccdf95 elementor-section-height-min-height elementor-section-stretched elementor-section-full_width elementor-section-items-stretch elementor-section-height-default elementor-section-column-vertical-align-stretch\" data-id=\"1ccdf95\" data-element_type=\"section\" data-e-type=\"section\" data-settings=\"{&quot;stretch_section&quot;:&quot;section-stretched&quot;}\">\n\t\t\t\t\t\t<div class=\"elementor-container elementor-column-gap-no\">\n\t\t\t\t\t<div class=\"elementor-column elementor-col-50 elementor-top-column elementor-element elementor-element-a0f0a37\" data-id=\"a0f0a37\" data-element_type=\"column\" data-e-type=\"column\">\n\t\t\t<div class=\"elementor-widget-wrap elementor-element-populated\">\n\t\t\t\t\t\t<div class=\"elementor-element elementor-element-9b72b97 elementor-invisible elementor-widget elementor-widget-text-editor\" data-id=\"9b72b97\" data-element_type=\"widget\" data-e-type=\"widget\" data-settings=\"{&quot;_animation&quot;:&quot;nussFadeInUp&quot;}\" data-widget_type=\"text-editor.default\">\n\t\t\t\t\t\t\t\t\t<p data-spm-anchor-id=\"a2ty_o01.29997173.0.i28.612cc921SB393y\">Il nostro servizio \u00e8 intuitivo, non invadente: il vostro tipo di cuscino preferito viene ricordato dopo una sola notte, i panini al vapore compaiono all&#039;alba senza che lo chiediate e un asciugamano caldo e una lanterna silenziosa vi accolgono dopo le esplorazioni notturne. Questo non \u00e8 un servizio alberghiero. Questa \u00e8 l&#039;ospitalit\u00e0 del Sichuan, rivisitata per il viaggiatore moderno in cerca di un significato, non solo di un alloggio.<\/p><div class=\"my-2\">\u00a0<\/div><p>Che siate qui per esplorare la famosa cucina piccante di Chengdu, meditare tra i suoi antichi templi o semplicemente rifugiarvi nella quiete, il City Xiyouli Hotel \u00e8 il vostro rifugio in movimento. Pi\u00f9 di un posto dove dormire: \u00e8 una pausa nel ritmo del mondo. Scoprite perch\u00e9 i viaggiatori pi\u00f9 esigenti tornano anno dopo anno per riposare, riconnettersi e riscoprire la quiete e la magia di Chengdu, al City Xiyouli, dove ogni dettaglio trasuda consapevolezza.<\/p><div class=\"my-2\">\u00a0<\/div><p data-spm-anchor-id=\"a2ty_o01.29997173.0.i29.612cc921SB393y\">\ud83d\udccd Posizione perfetta nel quartiere di Qingyang: a pochi passi dalla linea 4 della metropolitana, da tesori culturali e da autentici vicoli pieni di cibo di strada.<br \/>\ud83c\udf3f Sostenibile. Ricca di sentimento. Tipicamente Chengdu.<br \/>Il tuo viaggio non inizia con il rumore... ma con il silenzio.<\/p><div class=\"my-2\">\u00a0<\/div><p data-spm-anchor-id=\"a2ty_o01.29997173.0.i30.612cc921SB393y\"><em>Prenota oggi stesso il tuo soggiorno e scopri Chengdu come dovrebbe essere vissuta, non vista.<\/em><\/p>\t\t\t\t\t\t\t\t<\/div>\n\t\t\t\t\t<\/div>\n\t\t<\/div>\n\t\t\t\t<div class=\"elementor-column elementor-col-50 elementor-top-column elementor-element elementor-element-490b0a5\" data-id=\"490b0a5\" data-element_type=\"column\" data-e-type=\"column\">\n\t\t\t<div class=\"elementor-widget-wrap elementor-element-populated\">\n\t\t\t\t\t\t<div class=\"elementor-element elementor-element-fd94c60 elementor-widget__width-initial elementor-widget-mobile__width-inherit elementor-invisible nuss-elementor-loading nuss-slide-in-right elementor-widget elementor-widget-image\" data-id=\"fd94c60\" data-element_type=\"widget\" data-e-type=\"widget\" data-settings=\"{&quot;_animation&quot;:&quot;nussSlideInRight&quot;}\" data-widget_type=\"image.default\">\n\t\t\t\t\t\t\t\t\t\t\t\t\t\t\t<img decoding=\"async\" width=\"1277\" height=\"853\" src=\"https:\/\/cityxiyoulihotel.com\/wp-content\/uploads\/2025\/09\/City-Xiyouli-Hotel-181.webp\" class=\"attachment-full size-full wp-image-6202\" alt=\"\" srcset=\"https:\/\/cityxiyoulihotel.com\/wp-content\/uploads\/2025\/09\/City-Xiyouli-Hotel-181.webp 1277w, https:\/\/cityxiyoulihotel.com\/wp-content\/uploads\/2025\/09\/City-Xiyouli-Hotel-181-300x200.webp 300w, https:\/\/cityxiyoulihotel.com\/wp-content\/uploads\/2025\/09\/City-Xiyouli-Hotel-181-1024x684.webp 1024w, https:\/\/cityxiyoulihotel.com\/wp-content\/uploads\/2025\/09\/City-Xiyouli-Hotel-181-768x513.webp 768w, https:\/\/cityxiyoulihotel.com\/wp-content\/uploads\/2025\/09\/City-Xiyouli-Hotel-181-18x12.webp 18w\" sizes=\"(max-width: 1277px) 100vw, 1277px\" \/>\t\t\t\t\t\t\t\t\t\t\t\t\t\t\t<\/div>\n\t\t\t\t\t<\/div>\n\t\t<\/div>\n\t\t\t\t\t<\/div>\n\t\t<\/section>\n\t\t\t\t<section class=\"elementor-section elementor-top-section elementor-element elementor-element-2092b7d0 elementor-section-stretched elementor-section-boxed elementor-section-gap-beside-yes elementor-section-height-default elementor-section-height-default elementor-section-column-vertical-align-stretch\" data-id=\"2092b7d0\" data-element_type=\"section\" data-e-type=\"section\" data-settings=\"{&quot;background_background&quot;:&quot;classic&quot;,&quot;stretch_section&quot;:&quot;section-stretched&quot;}\">\n\t\t\t\t\t\t<div class=\"elementor-container elementor-column-gap-extended\">\n\t\t\t\t\t<div class=\"elementor-column elementor-col-100 elementor-top-column elementor-element elementor-element-be69d75\" data-id=\"be69d75\" data-element_type=\"column\" data-e-type=\"column\">\n\t\t\t<div class=\"elementor-widget-wrap elementor-element-populated\">\n\t\t\t\t\t\t<div class=\"elementor-element elementor-element-320c022 elementor-widget elementor-widget-nuss-heading\" data-id=\"320c022\" data-element_type=\"widget\" data-e-type=\"widget\" data-widget_type=\"nuss-heading.default\">\n\t\t\t\t<div class=\"elementor-widget-container\">\n\t\t\t\t\t\t\t<div class=\"nuss-modern-heading\">\r\n\t\t\t\t\t\t<div class=\"heading-secondary-wrap\">\r\n\t\t\t\t<h3 class=\"heading-secondary elementor-heading-title\">Controlla disponibile <\/h3>\t\t\t<\/div>\r\n\t\t\r\n\t\t\t\r\n\t\t\t\r\n\t\t\t\t\t<\/div>\r\n\t\t\t\t\t<\/div>\n\t\t\t\t<\/div>\n\t\t\t\t<div class=\"elementor-element elementor-element-fe69a93 elementor-widget elementor-widget-text-editor\" data-id=\"fe69a93\" data-element_type=\"widget\" data-e-type=\"widget\" data-widget_type=\"text-editor.default\">\n\t\t\t\t\t\t\t\t\t<iframe border=\"0\" src=\"https:\/\/www.trip.com\/partners\/ad\/S5373020?Allianceid=4590391&#038;SID=259219906&#038;trip_sub1=\" style=\"width:900px;height:200px\" frameborder=\"0\" scrolling=\"no\" id=\"S5373020\"><\/iframe>\t\t\t\t\t\t\t\t<\/div>\n\t\t\t\t\t<\/div>\n\t\t<\/div>\n\t\t\t\t\t<\/div>\n\t\t<\/section>\n\t\t\t\t<\/div>","protected":false},"excerpt":{"rendered":"<p>City Xiyouli Hotel: Where Chengdu Breathes Quietly Nestled in the heart of Chengdu\u2019s most culturally rich neighborhood, City Xiyouli Hotel at No. 88 Section 2, Renmin Middle Road, Qingyang District, offers more than a stay\u2014it delivers an immersive journey into the quiet soul of Sichuan. Just minutes from iconic landmarks like the Wuhou Shrine, Jinli [&hellip;]<\/p>\n","protected":false},"author":1,"featured_media":0,"parent":0,"menu_order":0,"comment_status":"closed","ping_status":"closed","template":"","meta":{"footnotes":""},"class_list":["post-5266","page","type-page","status-publish","hentry","post-no-thumbnail"],"_links":{"self":[{"href":"https:\/\/cityxiyoulihotel.com\/it\/wp-json\/wp\/v2\/pages\/5266","targetHints":{"allow":["GET"]}}],"collection":[{"href":"https:\/\/cityxiyoulihotel.com\/it\/wp-json\/wp\/v2\/pages"}],"about":[{"href":"https:\/\/cityxiyoulihotel.com\/it\/wp-json\/wp\/v2\/types\/page"}],"author":[{"embeddable":true,"href":"https:\/\/cityxiyoulihotel.com\/it\/wp-json\/wp\/v2\/users\/1"}],"replies":[{"embeddable":true,"href":"https:\/\/cityxiyoulihotel.com\/it\/wp-json\/wp\/v2\/comments?post=5266"}],"version-history":[{"count":0,"href":"https:\/\/cityxiyoulihotel.com\/it\/wp-json\/wp\/v2\/pages\/5266\/revisions"}],"wp:attachment":[{"href":"https:\/\/cityxiyoulihotel.com\/it\/wp-json\/wp\/v2\/media?parent=5266"}],"curies":[{"name":"parola chiave","href":"https:\/\/api.w.org\/{rel}","templated":true}]}}