{"id":5266,"date":"2021-07-18T08:03:35","date_gmt":"2021-07-18T08:03:35","guid":{"rendered":"https:\/\/nuss.uxper.co\/luxury-resort\/?page_id=5266"},"modified":"2025-09-14T06:12:37","modified_gmt":"2025-09-14T06:12:37","slug":"a-propos-de-nous","status":"publish","type":"page","link":"https:\/\/cityxiyoulihotel.com\/fr\/a-propos-de-nous\/","title":{"rendered":"\u00c0 propos de nous"},"content":{"rendered":"<div data-elementor-type=\"wp-page\" data-elementor-id=\"5266\" class=\"elementor elementor-5266\">\n\t\t\t\t\t\t<section class=\"elementor-section elementor-top-section elementor-element elementor-element-10416953 elementor-section-boxed elementor-section-gap-beside-yes elementor-section-height-default elementor-section-height-default elementor-section-column-vertical-align-stretch\" data-id=\"10416953\" data-element_type=\"section\" data-e-type=\"section\">\n\t\t\t\t\t\t<div class=\"elementor-container elementor-column-gap-extended\">\n\t\t\t\t\t<div class=\"elementor-column elementor-col-100 elementor-top-column elementor-element elementor-element-29c6aa8\" data-id=\"29c6aa8\" data-element_type=\"column\" data-e-type=\"column\">\n\t\t\t<div class=\"elementor-widget-wrap elementor-element-populated\">\n\t\t\t\t\t\t<div class=\"elementor-element elementor-element-7be18fe7 elementor-widget__width-initial elementor-invisible elementor-widget elementor-widget-text-editor\" data-id=\"7be18fe7\" data-element_type=\"widget\" data-e-type=\"widget\" data-settings=\"{&quot;_animation&quot;:&quot;nussFadeInUp&quot;}\" data-widget_type=\"text-editor.default\">\n\t\t\t\t\t\t\t\t\t<div class=\"svelte-1c06zsf\" data-lang-code=\"\"><p><strong data-spm-anchor-id=\"a2ty_o01.29997173.0.i32.612cc921SB393y\">H\u00f4tel City Xiyouli\u00a0: l\u00e0 o\u00f9 Chengdu respire la tranquillit\u00e9<\/strong><\/p><\/div>\t\t\t\t\t\t\t\t<\/div>\n\t\t\t\t\t<\/div>\n\t\t<\/div>\n\t\t\t\t\t<\/div>\n\t\t<\/section>\n\t\t\t\t<section class=\"elementor-section elementor-top-section elementor-element elementor-element-7d18327f elementor-section-boxed elementor-section-gap-beside-yes elementor-section-height-default elementor-section-height-default elementor-section-column-vertical-align-stretch\" data-id=\"7d18327f\" data-element_type=\"section\" data-e-type=\"section\">\n\t\t\t\t\t\t<div class=\"elementor-container elementor-column-gap-extended\">\n\t\t\t\t\t<div class=\"elementor-column elementor-col-50 elementor-top-column elementor-element elementor-element-56533670\" data-id=\"56533670\" data-element_type=\"column\" data-e-type=\"column\">\n\t\t\t<div class=\"elementor-widget-wrap elementor-element-populated\">\n\t\t\t\t\t\t<div class=\"elementor-element elementor-element-19c3f543 elementor-invisible elementor-widget elementor-widget-text-editor\" data-id=\"19c3f543\" data-element_type=\"widget\" data-e-type=\"widget\" data-settings=\"{&quot;_animation&quot;:&quot;nussFadeInUp&quot;}\" data-widget_type=\"text-editor.default\">\n\t\t\t\t\t\t\t\t\t<p>Nich\u00e9 au c\u0153ur du quartier le plus riche culturellement de Chengdu, le City Xiyouli Hotel, situ\u00e9 au n\u00b0 88, section 2, Renmin Middle Road, dans le district de Qingyang, offre bien plus qu&#039;un simple s\u00e9jour\u00a0: il vous offre une immersion dans la qui\u00e9tude du Sichuan. \u00c0 quelques minutes de sites embl\u00e9matiques comme le sanctuaire de Wuhou, l&#039;ancienne rue Jinli et le centre de recherche sur l&#039;\u00e9levage du panda g\u00e9ant de Chengdu, ce refuge urbain de charme red\u00e9finit l&#039;hospitalit\u00e9 par son \u00e9l\u00e9gance discr\u00e8te, son design soign\u00e9 et son authenticit\u00e9 profond\u00e9ment locale.<\/p>\t\t\t\t\t\t\t\t<\/div>\n\t\t\t\t\t<\/div>\n\t\t<\/div>\n\t\t\t\t<div class=\"elementor-column elementor-col-50 elementor-top-column elementor-element elementor-element-30f14127\" data-id=\"30f14127\" data-element_type=\"column\" data-e-type=\"column\">\n\t\t\t<div class=\"elementor-widget-wrap elementor-element-populated\">\n\t\t\t\t\t\t<div class=\"elementor-element elementor-element-59aea08 elementor-widget elementor-widget-image\" data-id=\"59aea08\" data-element_type=\"widget\" data-e-type=\"widget\" data-widget_type=\"image.default\">\n\t\t\t\t\t\t\t\t\t\t\t\t\t\t\t<img fetchpriority=\"high\" decoding=\"async\" width=\"1024\" height=\"575\" src=\"https:\/\/cityxiyoulihotel.com\/wp-content\/uploads\/2025\/09\/City-Xiyouli-Hotel-168-1024x575.webp\" class=\"attachment-large size-large wp-image-6189\" alt=\"\" srcset=\"https:\/\/cityxiyoulihotel.com\/wp-content\/uploads\/2025\/09\/City-Xiyouli-Hotel-168-1024x575.webp 1024w, https:\/\/cityxiyoulihotel.com\/wp-content\/uploads\/2025\/09\/City-Xiyouli-Hotel-168-300x169.webp 300w, https:\/\/cityxiyoulihotel.com\/wp-content\/uploads\/2025\/09\/City-Xiyouli-Hotel-168-768x431.webp 768w, https:\/\/cityxiyoulihotel.com\/wp-content\/uploads\/2025\/09\/City-Xiyouli-Hotel-168-18x10.webp 18w, https:\/\/cityxiyoulihotel.com\/wp-content\/uploads\/2025\/09\/City-Xiyouli-Hotel-168.webp 1280w\" sizes=\"(max-width: 1024px) 100vw, 1024px\" \/>\t\t\t\t\t\t\t\t\t\t\t\t\t\t\t<\/div>\n\t\t\t\t\t<\/div>\n\t\t<\/div>\n\t\t\t\t\t<\/div>\n\t\t<\/section>\n\t\t\t\t<section class=\"elementor-section elementor-top-section elementor-element elementor-element-29fb8578 elementor-section-height-min-height elementor-section-stretched elementor-section-full_width elementor-section-items-stretch elementor-section-height-default elementor-section-column-vertical-align-stretch\" data-id=\"29fb8578\" data-element_type=\"section\" data-e-type=\"section\" data-settings=\"{&quot;stretch_section&quot;:&quot;section-stretched&quot;}\">\n\t\t\t\t\t\t<div class=\"elementor-container elementor-column-gap-no\">\n\t\t\t\t\t<div class=\"elementor-column elementor-col-50 elementor-top-column elementor-element elementor-element-40ac270b\" data-id=\"40ac270b\" data-element_type=\"column\" data-e-type=\"column\">\n\t\t\t<div class=\"elementor-widget-wrap elementor-element-populated\">\n\t\t\t\t\t\t<div class=\"elementor-element elementor-element-20872773 elementor-widget__width-initial elementor-widget-mobile__width-inherit elementor-invisible nuss-elementor-loading nuss-slide-in-right elementor-widget elementor-widget-image\" data-id=\"20872773\" data-element_type=\"widget\" data-e-type=\"widget\" data-settings=\"{&quot;_animation&quot;:&quot;nussSlideInRight&quot;}\" data-widget_type=\"image.default\">\n\t\t\t\t\t\t\t\t\t\t\t\t\t\t\t<img decoding=\"async\" width=\"1277\" height=\"853\" src=\"https:\/\/cityxiyoulihotel.com\/wp-content\/uploads\/2025\/09\/City-Xiyouli-Hotel-229.webp\" class=\"attachment-full size-full wp-image-6250\" alt=\"\" srcset=\"https:\/\/cityxiyoulihotel.com\/wp-content\/uploads\/2025\/09\/City-Xiyouli-Hotel-229.webp 1277w, https:\/\/cityxiyoulihotel.com\/wp-content\/uploads\/2025\/09\/City-Xiyouli-Hotel-229-300x200.webp 300w, https:\/\/cityxiyoulihotel.com\/wp-content\/uploads\/2025\/09\/City-Xiyouli-Hotel-229-1024x684.webp 1024w, https:\/\/cityxiyoulihotel.com\/wp-content\/uploads\/2025\/09\/City-Xiyouli-Hotel-229-768x513.webp 768w, https:\/\/cityxiyoulihotel.com\/wp-content\/uploads\/2025\/09\/City-Xiyouli-Hotel-229-18x12.webp 18w\" sizes=\"(max-width: 1277px) 100vw, 1277px\" \/>\t\t\t\t\t\t\t\t\t\t\t\t\t\t\t<\/div>\n\t\t\t\t\t<\/div>\n\t\t<\/div>\n\t\t\t\t<div class=\"elementor-column elementor-col-50 elementor-top-column elementor-element elementor-element-2dac103\" data-id=\"2dac103\" data-element_type=\"column\" data-e-type=\"column\">\n\t\t\t<div class=\"elementor-widget-wrap elementor-element-populated\">\n\t\t\t\t\t\t<div class=\"elementor-element elementor-element-6f1b8966 elementor-invisible elementor-widget elementor-widget-text-editor\" data-id=\"6f1b8966\" data-element_type=\"widget\" data-e-type=\"widget\" data-settings=\"{&quot;_animation&quot;:&quot;nussFadeInUp&quot;}\" data-widget_type=\"text-editor.default\">\n\t\t\t\t\t\t\t\t\t<p data-spm-anchor-id=\"a2ty_o01.29997173.0.i27.612cc921SB393y\">Entrez et laissez derri\u00e8re vous l&#039;effervescence de la ville. Chaque recoin du City Xiyouli \u00e9voque l&#039;h\u00e9ritage du Sichuan\u00a0: du lin tiss\u00e9 \u00e0 la main drape d\u00e9licatement les sols en teck, des calligraphies \u00e0 l&#039;encre ornent les murs minimalistes, et un subtil parfum de jasmin et de mandarine s\u00e9ch\u00e9e flotte dans l&#039;air \u2013 con\u00e7u non pour le spectacle, mais pour la s\u00e9r\u00e9nit\u00e9. Les chambres sont des havres de paix, avec une literie en fibre de bambou qui donne l&#039;impression de dormir sur un nuage, des rituels de bains aux herbes infus\u00e9es de plantes locales et de grandes baies vitr\u00e9es encadrant la lueur dor\u00e9e du cr\u00e9puscule de Chengdu.<\/p><div class=\"my-2\">\u00a0<\/div><p>Dans notre restaurant prim\u00e9, le chef Li transforme des recettes sichuanaises centenaires en exp\u00e9riences culinaires po\u00e9tiques\u00a0: le tofu mapo ne crie pas de chaleur, mais murmure de profondeur\u00a0; le canard fum\u00e9 au th\u00e9 est lentement affin\u00e9 selon des techniques ancestrales, et les nouilles effiloch\u00e9es \u00e0 la main bercent le tendre porc brais\u00e9 en harmonie avec le soja affin\u00e9 et la douceur des grains de poivre du Sichuan. Chaque plat est servi dans des c\u00e9ramiques tourn\u00e9es \u00e0 la main, sous des lampions, tandis que les m\u00e9lodies du pipa flottent dans l&#039;air du soir.<\/p>\t\t\t\t\t\t\t\t<\/div>\n\t\t\t\t\t<\/div>\n\t\t<\/div>\n\t\t\t\t\t<\/div>\n\t\t<\/section>\n\t\t\t\t<section class=\"elementor-section elementor-top-section elementor-element elementor-element-1ccdf95 elementor-section-height-min-height elementor-section-stretched elementor-section-full_width elementor-section-items-stretch elementor-section-height-default elementor-section-column-vertical-align-stretch\" data-id=\"1ccdf95\" data-element_type=\"section\" data-e-type=\"section\" data-settings=\"{&quot;stretch_section&quot;:&quot;section-stretched&quot;}\">\n\t\t\t\t\t\t<div class=\"elementor-container elementor-column-gap-no\">\n\t\t\t\t\t<div class=\"elementor-column elementor-col-50 elementor-top-column elementor-element elementor-element-a0f0a37\" data-id=\"a0f0a37\" data-element_type=\"column\" data-e-type=\"column\">\n\t\t\t<div class=\"elementor-widget-wrap elementor-element-populated\">\n\t\t\t\t\t\t<div class=\"elementor-element elementor-element-9b72b97 elementor-invisible elementor-widget elementor-widget-text-editor\" data-id=\"9b72b97\" data-element_type=\"widget\" data-e-type=\"widget\" data-settings=\"{&quot;_animation&quot;:&quot;nussFadeInUp&quot;}\" data-widget_type=\"text-editor.default\">\n\t\t\t\t\t\t\t\t\t<p data-spm-anchor-id=\"a2ty_o01.29997173.0.i28.612cc921SB393y\">Notre service est intuitif, discret\u00a0: votre oreiller pr\u00e9f\u00e9r\u00e9 est m\u00e9moris\u00e9 apr\u00e8s une nuit, des petits pains cuits \u00e0 la vapeur apparaissent \u00e0 l&#039;aube sans que vous le demandiez, et une serviette chaude et une lanterne silencieuse vous accueillent apr\u00e8s vos explorations nocturnes. Ce n&#039;est pas un service h\u00f4telier. C&#039;est l&#039;hospitalit\u00e9 sichuanaise, r\u00e9invent\u00e9e pour le voyageur moderne en qu\u00eate de sens, et pas seulement d&#039;h\u00e9bergement.<\/p><div class=\"my-2\">\u00a0<\/div><p>Que vous soyez ici pour d\u00e9couvrir la c\u00e9l\u00e8bre cuisine \u00e9pic\u00e9e de Chengdu, m\u00e9diter parmi ses temples anciens ou simplement vous \u00e9vader dans le calme, le City Xiyouli Hotel est votre sanctuaire en mouvement. Plus qu&#039;un simple endroit o\u00f9 dormir, c&#039;est une pause au c\u0153ur du monde. D\u00e9couvrez pourquoi les voyageurs exigeants reviennent ann\u00e9e apr\u00e8s ann\u00e9e pour se reposer, se ressourcer et red\u00e9couvrir la magie paisible de Chengdu\u00a0: au City Xiyouli, o\u00f9 chaque d\u00e9tail respire la s\u00e9r\u00e9nit\u00e9.<\/p><div class=\"my-2\">\u00a0<\/div><p data-spm-anchor-id=\"a2ty_o01.29997173.0.i29.612cc921SB393y\">\ud83d\udccd Id\u00e9alement situ\u00e9 dans le quartier de Qingyang \u2014 \u00e0 distance de marche de la ligne de m\u00e9tro 4, des joyaux culturels et des ruelles authentiques de la cuisine de rue.<br \/>\ud83c\udf3f Durable. Plein d&#039;\u00e2me. Unique \u00e0 Chengdu.<br \/>Votre voyage ne commence pas par le bruit\u2026 mais par le silence.<\/p><div class=\"my-2\">\u00a0<\/div><p data-spm-anchor-id=\"a2ty_o01.29997173.0.i30.612cc921SB393y\"><em>R\u00e9servez votre s\u00e9jour d\u00e8s aujourd&#039;hui et d\u00e9couvrez Chengdu comme il se doit d&#039;\u00eatre ressenti, et non vu.<\/em><\/p>\t\t\t\t\t\t\t\t<\/div>\n\t\t\t\t\t<\/div>\n\t\t<\/div>\n\t\t\t\t<div class=\"elementor-column elementor-col-50 elementor-top-column elementor-element elementor-element-490b0a5\" data-id=\"490b0a5\" data-element_type=\"column\" data-e-type=\"column\">\n\t\t\t<div class=\"elementor-widget-wrap elementor-element-populated\">\n\t\t\t\t\t\t<div class=\"elementor-element elementor-element-fd94c60 elementor-widget__width-initial elementor-widget-mobile__width-inherit elementor-invisible nuss-elementor-loading nuss-slide-in-right elementor-widget elementor-widget-image\" data-id=\"fd94c60\" data-element_type=\"widget\" data-e-type=\"widget\" data-settings=\"{&quot;_animation&quot;:&quot;nussSlideInRight&quot;}\" data-widget_type=\"image.default\">\n\t\t\t\t\t\t\t\t\t\t\t\t\t\t\t<img decoding=\"async\" width=\"1277\" height=\"853\" src=\"https:\/\/cityxiyoulihotel.com\/wp-content\/uploads\/2025\/09\/City-Xiyouli-Hotel-181.webp\" class=\"attachment-full size-full wp-image-6202\" alt=\"\" srcset=\"https:\/\/cityxiyoulihotel.com\/wp-content\/uploads\/2025\/09\/City-Xiyouli-Hotel-181.webp 1277w, https:\/\/cityxiyoulihotel.com\/wp-content\/uploads\/2025\/09\/City-Xiyouli-Hotel-181-300x200.webp 300w, https:\/\/cityxiyoulihotel.com\/wp-content\/uploads\/2025\/09\/City-Xiyouli-Hotel-181-1024x684.webp 1024w, https:\/\/cityxiyoulihotel.com\/wp-content\/uploads\/2025\/09\/City-Xiyouli-Hotel-181-768x513.webp 768w, https:\/\/cityxiyoulihotel.com\/wp-content\/uploads\/2025\/09\/City-Xiyouli-Hotel-181-18x12.webp 18w\" sizes=\"(max-width: 1277px) 100vw, 1277px\" \/>\t\t\t\t\t\t\t\t\t\t\t\t\t\t\t<\/div>\n\t\t\t\t\t<\/div>\n\t\t<\/div>\n\t\t\t\t\t<\/div>\n\t\t<\/section>\n\t\t\t\t<section class=\"elementor-section elementor-top-section elementor-element elementor-element-2092b7d0 elementor-section-stretched elementor-section-boxed elementor-section-gap-beside-yes elementor-section-height-default elementor-section-height-default elementor-section-column-vertical-align-stretch\" data-id=\"2092b7d0\" data-element_type=\"section\" data-e-type=\"section\" data-settings=\"{&quot;background_background&quot;:&quot;classic&quot;,&quot;stretch_section&quot;:&quot;section-stretched&quot;}\">\n\t\t\t\t\t\t<div class=\"elementor-container elementor-column-gap-extended\">\n\t\t\t\t\t<div class=\"elementor-column elementor-col-100 elementor-top-column elementor-element elementor-element-be69d75\" data-id=\"be69d75\" data-element_type=\"column\" data-e-type=\"column\">\n\t\t\t<div class=\"elementor-widget-wrap elementor-element-populated\">\n\t\t\t\t\t\t<div class=\"elementor-element elementor-element-320c022 elementor-widget elementor-widget-nuss-heading\" data-id=\"320c022\" data-element_type=\"widget\" data-e-type=\"widget\" data-widget_type=\"nuss-heading.default\">\n\t\t\t\t<div class=\"elementor-widget-container\">\n\t\t\t\t\t\t\t<div class=\"nuss-modern-heading\">\r\n\t\t\t\t\t\t<div class=\"heading-secondary-wrap\">\r\n\t\t\t\t<h3 class=\"heading-secondary elementor-heading-title\">Ch\u00e8que disponible <\/h3>\t\t\t<\/div>\r\n\t\t\r\n\t\t\t\r\n\t\t\t\r\n\t\t\t\t\t<\/div>\r\n\t\t\t\t\t<\/div>\n\t\t\t\t<\/div>\n\t\t\t\t<div class=\"elementor-element elementor-element-fe69a93 elementor-widget elementor-widget-text-editor\" data-id=\"fe69a93\" data-element_type=\"widget\" data-e-type=\"widget\" data-widget_type=\"text-editor.default\">\n\t\t\t\t\t\t\t\t\t<iframe border=\"0\" src=\"https:\/\/www.trip.com\/partners\/ad\/S5373020?Allianceid=4590391&#038;SID=259219906&#038;trip_sub1=\" style=\"width:900px;height:200px\" frameborder=\"0\" scrolling=\"no\" id=\"S5373020\"><\/iframe>\t\t\t\t\t\t\t\t<\/div>\n\t\t\t\t\t<\/div>\n\t\t<\/div>\n\t\t\t\t\t<\/div>\n\t\t<\/section>\n\t\t\t\t<\/div>","protected":false},"excerpt":{"rendered":"<p>City Xiyouli Hotel: Where Chengdu Breathes Quietly Nestled in the heart of Chengdu\u2019s most culturally rich neighborhood, City Xiyouli Hotel at No. 88 Section 2, Renmin Middle Road, Qingyang District, offers more than a stay\u2014it delivers an immersive journey into the quiet soul of Sichuan. Just minutes from iconic landmarks like the Wuhou Shrine, Jinli [&hellip;]<\/p>\n","protected":false},"author":1,"featured_media":0,"parent":0,"menu_order":0,"comment_status":"closed","ping_status":"closed","template":"","meta":{"footnotes":""},"class_list":["post-5266","page","type-page","status-publish","hentry","post-no-thumbnail"],"_links":{"self":[{"href":"https:\/\/cityxiyoulihotel.com\/fr\/wp-json\/wp\/v2\/pages\/5266","targetHints":{"allow":["GET"]}}],"collection":[{"href":"https:\/\/cityxiyoulihotel.com\/fr\/wp-json\/wp\/v2\/pages"}],"about":[{"href":"https:\/\/cityxiyoulihotel.com\/fr\/wp-json\/wp\/v2\/types\/page"}],"author":[{"embeddable":true,"href":"https:\/\/cityxiyoulihotel.com\/fr\/wp-json\/wp\/v2\/users\/1"}],"replies":[{"embeddable":true,"href":"https:\/\/cityxiyoulihotel.com\/fr\/wp-json\/wp\/v2\/comments?post=5266"}],"version-history":[{"count":0,"href":"https:\/\/cityxiyoulihotel.com\/fr\/wp-json\/wp\/v2\/pages\/5266\/revisions"}],"wp:attachment":[{"href":"https:\/\/cityxiyoulihotel.com\/fr\/wp-json\/wp\/v2\/media?parent=5266"}],"curies":[{"name":"wp","href":"https:\/\/api.w.org\/{rel}","templated":true}]}}