{"id":5266,"date":"2021-07-18T08:03:35","date_gmt":"2021-07-18T08:03:35","guid":{"rendered":"https:\/\/nuss.uxper.co\/luxury-resort\/?page_id=5266"},"modified":"2025-09-14T06:12:37","modified_gmt":"2025-09-14T06:12:37","slug":"sobre-nosotros","status":"publish","type":"page","link":"https:\/\/cityxiyoulihotel.com\/es\/sobre-nosotros\/","title":{"rendered":"Sobre nosotros"},"content":{"rendered":"<div data-elementor-type=\"wp-page\" data-elementor-id=\"5266\" class=\"elementor elementor-5266\">\n\t\t\t\t\t\t<section class=\"elementor-section elementor-top-section elementor-element elementor-element-10416953 elementor-section-boxed elementor-section-gap-beside-yes elementor-section-height-default elementor-section-height-default elementor-section-column-vertical-align-stretch\" data-id=\"10416953\" data-element_type=\"section\" data-e-type=\"section\">\n\t\t\t\t\t\t<div class=\"elementor-container elementor-column-gap-extended\">\n\t\t\t\t\t<div class=\"elementor-column elementor-col-100 elementor-top-column elementor-element elementor-element-29c6aa8\" data-id=\"29c6aa8\" data-element_type=\"column\" data-e-type=\"column\">\n\t\t\t<div class=\"elementor-widget-wrap elementor-element-populated\">\n\t\t\t\t\t\t<div class=\"elementor-element elementor-element-7be18fe7 elementor-widget__width-initial elementor-invisible elementor-widget elementor-widget-text-editor\" data-id=\"7be18fe7\" data-element_type=\"widget\" data-e-type=\"widget\" data-settings=\"{&quot;_animation&quot;:&quot;nussFadeInUp&quot;}\" data-widget_type=\"text-editor.default\">\n\t\t\t\t\t\t\t\t\t<div class=\"svelte-1c06zsf\" data-lang-code=\"\"><p><strong data-spm-anchor-id=\"a2ty_o01.29997173.0.i32.612cc921SB393y\">Hotel City Xiyouli: Donde Chengdu respira tranquilidad<\/strong><\/p><\/div>\t\t\t\t\t\t\t\t<\/div>\n\t\t\t\t\t<\/div>\n\t\t<\/div>\n\t\t\t\t\t<\/div>\n\t\t<\/section>\n\t\t\t\t<section class=\"elementor-section elementor-top-section elementor-element elementor-element-7d18327f elementor-section-boxed elementor-section-gap-beside-yes elementor-section-height-default elementor-section-height-default elementor-section-column-vertical-align-stretch\" data-id=\"7d18327f\" data-element_type=\"section\" data-e-type=\"section\">\n\t\t\t\t\t\t<div class=\"elementor-container elementor-column-gap-extended\">\n\t\t\t\t\t<div class=\"elementor-column elementor-col-50 elementor-top-column elementor-element elementor-element-56533670\" data-id=\"56533670\" data-element_type=\"column\" data-e-type=\"column\">\n\t\t\t<div class=\"elementor-widget-wrap elementor-element-populated\">\n\t\t\t\t\t\t<div class=\"elementor-element elementor-element-19c3f543 elementor-invisible elementor-widget elementor-widget-text-editor\" data-id=\"19c3f543\" data-element_type=\"widget\" data-e-type=\"widget\" data-settings=\"{&quot;_animation&quot;:&quot;nussFadeInUp&quot;}\" data-widget_type=\"text-editor.default\">\n\t\t\t\t\t\t\t\t\t<p>Ubicado en el coraz\u00f3n del barrio con mayor riqueza cultural de Chengdu, el Hotel City Xiyouli, ubicado en el n.\u00b0 88, Secci\u00f3n 2, Renmin Middle Road, distrito de Qingyang, ofrece mucho m\u00e1s que una estancia: ofrece una inmersi\u00f3n en la serena esencia de Sichuan. A pocos minutos de lugares emblem\u00e1ticos como el Santuario Wuhou, la antigua calle Jinli y el Centro de Investigaci\u00f3n de Cr\u00eda de Pandas Gigantes de Chengdu, este refugio urbano boutique redefine la hospitalidad con una elegancia discreta, un dise\u00f1o con estilo y una profunda autenticidad local.<\/p>\t\t\t\t\t\t\t\t<\/div>\n\t\t\t\t\t<\/div>\n\t\t<\/div>\n\t\t\t\t<div class=\"elementor-column elementor-col-50 elementor-top-column elementor-element elementor-element-30f14127\" data-id=\"30f14127\" data-element_type=\"column\" data-e-type=\"column\">\n\t\t\t<div class=\"elementor-widget-wrap elementor-element-populated\">\n\t\t\t\t\t\t<div class=\"elementor-element elementor-element-59aea08 elementor-widget elementor-widget-image\" data-id=\"59aea08\" data-element_type=\"widget\" data-e-type=\"widget\" data-widget_type=\"image.default\">\n\t\t\t\t\t\t\t\t\t\t\t\t\t\t\t<img fetchpriority=\"high\" decoding=\"async\" width=\"1024\" height=\"575\" src=\"https:\/\/cityxiyoulihotel.com\/wp-content\/uploads\/2025\/09\/City-Xiyouli-Hotel-168-1024x575.webp\" class=\"attachment-large size-large wp-image-6189\" alt=\"\" srcset=\"https:\/\/cityxiyoulihotel.com\/wp-content\/uploads\/2025\/09\/City-Xiyouli-Hotel-168-1024x575.webp 1024w, https:\/\/cityxiyoulihotel.com\/wp-content\/uploads\/2025\/09\/City-Xiyouli-Hotel-168-300x169.webp 300w, https:\/\/cityxiyoulihotel.com\/wp-content\/uploads\/2025\/09\/City-Xiyouli-Hotel-168-768x431.webp 768w, https:\/\/cityxiyoulihotel.com\/wp-content\/uploads\/2025\/09\/City-Xiyouli-Hotel-168-18x10.webp 18w, https:\/\/cityxiyoulihotel.com\/wp-content\/uploads\/2025\/09\/City-Xiyouli-Hotel-168.webp 1280w\" sizes=\"(max-width: 1024px) 100vw, 1024px\" \/>\t\t\t\t\t\t\t\t\t\t\t\t\t\t\t<\/div>\n\t\t\t\t\t<\/div>\n\t\t<\/div>\n\t\t\t\t\t<\/div>\n\t\t<\/section>\n\t\t\t\t<section class=\"elementor-section elementor-top-section elementor-element elementor-element-29fb8578 elementor-section-height-min-height elementor-section-stretched elementor-section-full_width elementor-section-items-stretch elementor-section-height-default elementor-section-column-vertical-align-stretch\" data-id=\"29fb8578\" data-element_type=\"section\" data-e-type=\"section\" data-settings=\"{&quot;stretch_section&quot;:&quot;section-stretched&quot;}\">\n\t\t\t\t\t\t<div class=\"elementor-container elementor-column-gap-no\">\n\t\t\t\t\t<div class=\"elementor-column elementor-col-50 elementor-top-column elementor-element elementor-element-40ac270b\" data-id=\"40ac270b\" data-element_type=\"column\" data-e-type=\"column\">\n\t\t\t<div class=\"elementor-widget-wrap elementor-element-populated\">\n\t\t\t\t\t\t<div class=\"elementor-element elementor-element-20872773 elementor-widget__width-initial elementor-widget-mobile__width-inherit elementor-invisible nuss-elementor-loading nuss-slide-in-right elementor-widget elementor-widget-image\" data-id=\"20872773\" data-element_type=\"widget\" data-e-type=\"widget\" data-settings=\"{&quot;_animation&quot;:&quot;nussSlideInRight&quot;}\" data-widget_type=\"image.default\">\n\t\t\t\t\t\t\t\t\t\t\t\t\t\t\t<img decoding=\"async\" width=\"1277\" height=\"853\" src=\"https:\/\/cityxiyoulihotel.com\/wp-content\/uploads\/2025\/09\/City-Xiyouli-Hotel-229.webp\" class=\"attachment-full size-full wp-image-6250\" alt=\"\" srcset=\"https:\/\/cityxiyoulihotel.com\/wp-content\/uploads\/2025\/09\/City-Xiyouli-Hotel-229.webp 1277w, https:\/\/cityxiyoulihotel.com\/wp-content\/uploads\/2025\/09\/City-Xiyouli-Hotel-229-300x200.webp 300w, https:\/\/cityxiyoulihotel.com\/wp-content\/uploads\/2025\/09\/City-Xiyouli-Hotel-229-1024x684.webp 1024w, https:\/\/cityxiyoulihotel.com\/wp-content\/uploads\/2025\/09\/City-Xiyouli-Hotel-229-768x513.webp 768w, https:\/\/cityxiyoulihotel.com\/wp-content\/uploads\/2025\/09\/City-Xiyouli-Hotel-229-18x12.webp 18w\" sizes=\"(max-width: 1277px) 100vw, 1277px\" \/>\t\t\t\t\t\t\t\t\t\t\t\t\t\t\t<\/div>\n\t\t\t\t\t<\/div>\n\t\t<\/div>\n\t\t\t\t<div class=\"elementor-column elementor-col-50 elementor-top-column elementor-element elementor-element-2dac103\" data-id=\"2dac103\" data-element_type=\"column\" data-e-type=\"column\">\n\t\t\t<div class=\"elementor-widget-wrap elementor-element-populated\">\n\t\t\t\t\t\t<div class=\"elementor-element elementor-element-6f1b8966 elementor-invisible elementor-widget elementor-widget-text-editor\" data-id=\"6f1b8966\" data-element_type=\"widget\" data-e-type=\"widget\" data-settings=\"{&quot;_animation&quot;:&quot;nussFadeInUp&quot;}\" data-widget_type=\"text-editor.default\">\n\t\t\t\t\t\t\t\t\t<p data-spm-anchor-id=\"a2ty_o01.29997173.0.i27.612cc921SB393y\">Entre y deje atr\u00e1s el vibrante bullicio de la ciudad. Cada rinc\u00f3n de City Xiyouli susurra la herencia de Sichuan: lino tejido a mano cubre suavemente los suelos con acabado de teca, caligraf\u00eda con tinta adorna las paredes minimalistas y el sutil aroma a jazm\u00edn y mandarina seca flota en el aire; creado no para el espect\u00e1culo, sino para la serenidad. Las habitaciones son santuarios de calma, con ropa de cama de fibra de bamb\u00fa que le har\u00e1 sentir como si durmiera en las nubes, rituales de ba\u00f1o herbales con infusiones de plantas locales y ventanales que enmarcan el resplandor dorado del crep\u00fasculo de Chengdu.<\/p><div class=\"my-2\">\u00a0<\/div><p>En nuestro galardonado restaurante, el chef Li transforma recetas centenarias de Sichuan en experiencias gastron\u00f3micas po\u00e9ticas: el tofu mapo no estride con su picante, sino que resuena con profundidad; el pato ahumado en t\u00e9 se cura lentamente con t\u00e9cnicas ancestrales, y los fideos desmenuzados a mano acunan la tierna carne de cerdo estofada en armon\u00eda con la soja a\u00f1ejada y la suavidad de los granos de pimienta de Sichuan. Cada plato se sirve en cer\u00e1mica hecha a mano bajo faroles de papel, mientras las melod\u00edas de la pipa se deslizan por el aire vespertino.<\/p>\t\t\t\t\t\t\t\t<\/div>\n\t\t\t\t\t<\/div>\n\t\t<\/div>\n\t\t\t\t\t<\/div>\n\t\t<\/section>\n\t\t\t\t<section class=\"elementor-section elementor-top-section elementor-element elementor-element-1ccdf95 elementor-section-height-min-height elementor-section-stretched elementor-section-full_width elementor-section-items-stretch elementor-section-height-default elementor-section-column-vertical-align-stretch\" data-id=\"1ccdf95\" data-element_type=\"section\" data-e-type=\"section\" data-settings=\"{&quot;stretch_section&quot;:&quot;section-stretched&quot;}\">\n\t\t\t\t\t\t<div class=\"elementor-container elementor-column-gap-no\">\n\t\t\t\t\t<div class=\"elementor-column elementor-col-50 elementor-top-column elementor-element elementor-element-a0f0a37\" data-id=\"a0f0a37\" data-element_type=\"column\" data-e-type=\"column\">\n\t\t\t<div class=\"elementor-widget-wrap elementor-element-populated\">\n\t\t\t\t\t\t<div class=\"elementor-element elementor-element-9b72b97 elementor-invisible elementor-widget elementor-widget-text-editor\" data-id=\"9b72b97\" data-element_type=\"widget\" data-e-type=\"widget\" data-settings=\"{&quot;_animation&quot;:&quot;nussFadeInUp&quot;}\" data-widget_type=\"text-editor.default\">\n\t\t\t\t\t\t\t\t\t<p data-spm-anchor-id=\"a2ty_o01.29997173.0.i28.612cc921SB393y\">Nuestro servicio es intuitivo, no intrusivo: recuerda tu tipo de almohada preferido despu\u00e9s de una noche, te ofrece bollos al vapor al amanecer sin necesidad de pedirlos y te da la bienvenida con una toalla caliente y una linterna silenciosa tras una noche de exploraci\u00f3n. Esto no es servicio de hotel. Es la hospitalidad de Sichuan, reinventada para el viajero moderno que busca significado, no solo alojamiento.<\/p><div class=\"my-2\">\u00a0<\/div><p>Ya sea que est\u00e9 aqu\u00ed para explorar la famosa cocina picante de Chengdu, meditar entre sus antiguos templos o simplemente refugiarse en la tranquilidad, el Hotel City Xiyouli es su santuario en movimiento. M\u00e1s que un lugar para dormir, es una pausa en el ritmo del mundo. Descubra por qu\u00e9 los viajeros m\u00e1s exigentes regresan a\u00f1o tras a\u00f1o para descansar, reconectar y redescubrir la magia serena de Chengdu: en City Xiyouli, donde cada detalle respira con intenci\u00f3n.<\/p><div class=\"my-2\">\u00a0<\/div><p data-spm-anchor-id=\"a2ty_o01.29997173.0.i29.612cc921SB393y\">\ud83d\udccd Perfectamente ubicado en el distrito de Qingyang: se puede llegar caminando a la l\u00ednea 4 del metro, joyas culturales y aut\u00e9nticos callejones de comida callejera.<br \/>\ud83c\udf3f Sostenible. Conmovedor. Exclusivamente Chengdu.<br \/>Tu viaje no comienza con ruido\u2026 sino con silencio.<\/p><div class=\"my-2\">\u00a0<\/div><p data-spm-anchor-id=\"a2ty_o01.29997173.0.i30.612cc921SB393y\"><em>Reserve su estad\u00eda hoy y disfrute de Chengdu como debe sentirse, no como debe verse.<\/em><\/p>\t\t\t\t\t\t\t\t<\/div>\n\t\t\t\t\t<\/div>\n\t\t<\/div>\n\t\t\t\t<div class=\"elementor-column elementor-col-50 elementor-top-column elementor-element elementor-element-490b0a5\" data-id=\"490b0a5\" data-element_type=\"column\" data-e-type=\"column\">\n\t\t\t<div class=\"elementor-widget-wrap elementor-element-populated\">\n\t\t\t\t\t\t<div class=\"elementor-element elementor-element-fd94c60 elementor-widget__width-initial elementor-widget-mobile__width-inherit elementor-invisible nuss-elementor-loading nuss-slide-in-right elementor-widget elementor-widget-image\" data-id=\"fd94c60\" data-element_type=\"widget\" data-e-type=\"widget\" data-settings=\"{&quot;_animation&quot;:&quot;nussSlideInRight&quot;}\" data-widget_type=\"image.default\">\n\t\t\t\t\t\t\t\t\t\t\t\t\t\t\t<img decoding=\"async\" width=\"1277\" height=\"853\" src=\"https:\/\/cityxiyoulihotel.com\/wp-content\/uploads\/2025\/09\/City-Xiyouli-Hotel-181.webp\" class=\"attachment-full size-full wp-image-6202\" alt=\"\" srcset=\"https:\/\/cityxiyoulihotel.com\/wp-content\/uploads\/2025\/09\/City-Xiyouli-Hotel-181.webp 1277w, https:\/\/cityxiyoulihotel.com\/wp-content\/uploads\/2025\/09\/City-Xiyouli-Hotel-181-300x200.webp 300w, https:\/\/cityxiyoulihotel.com\/wp-content\/uploads\/2025\/09\/City-Xiyouli-Hotel-181-1024x684.webp 1024w, https:\/\/cityxiyoulihotel.com\/wp-content\/uploads\/2025\/09\/City-Xiyouli-Hotel-181-768x513.webp 768w, https:\/\/cityxiyoulihotel.com\/wp-content\/uploads\/2025\/09\/City-Xiyouli-Hotel-181-18x12.webp 18w\" sizes=\"(max-width: 1277px) 100vw, 1277px\" \/>\t\t\t\t\t\t\t\t\t\t\t\t\t\t\t<\/div>\n\t\t\t\t\t<\/div>\n\t\t<\/div>\n\t\t\t\t\t<\/div>\n\t\t<\/section>\n\t\t\t\t<section class=\"elementor-section elementor-top-section elementor-element elementor-element-2092b7d0 elementor-section-stretched elementor-section-boxed elementor-section-gap-beside-yes elementor-section-height-default elementor-section-height-default elementor-section-column-vertical-align-stretch\" data-id=\"2092b7d0\" data-element_type=\"section\" data-e-type=\"section\" data-settings=\"{&quot;background_background&quot;:&quot;classic&quot;,&quot;stretch_section&quot;:&quot;section-stretched&quot;}\">\n\t\t\t\t\t\t<div class=\"elementor-container elementor-column-gap-extended\">\n\t\t\t\t\t<div class=\"elementor-column elementor-col-100 elementor-top-column elementor-element elementor-element-be69d75\" data-id=\"be69d75\" data-element_type=\"column\" data-e-type=\"column\">\n\t\t\t<div class=\"elementor-widget-wrap elementor-element-populated\">\n\t\t\t\t\t\t<div class=\"elementor-element elementor-element-320c022 elementor-widget elementor-widget-nuss-heading\" data-id=\"320c022\" data-element_type=\"widget\" data-e-type=\"widget\" data-widget_type=\"nuss-heading.default\">\n\t\t\t\t<div class=\"elementor-widget-container\">\n\t\t\t\t\t\t\t<div class=\"nuss-modern-heading\">\r\n\t\t\t\t\t\t<div class=\"heading-secondary-wrap\">\r\n\t\t\t\t<h3 class=\"heading-secondary elementor-heading-title\">Consultar disponibilidad <\/h3>\t\t\t<\/div>\r\n\t\t\r\n\t\t\t\r\n\t\t\t\r\n\t\t\t\t\t<\/div>\r\n\t\t\t\t\t<\/div>\n\t\t\t\t<\/div>\n\t\t\t\t<div class=\"elementor-element elementor-element-fe69a93 elementor-widget elementor-widget-text-editor\" data-id=\"fe69a93\" data-element_type=\"widget\" data-e-type=\"widget\" data-widget_type=\"text-editor.default\">\n\t\t\t\t\t\t\t\t\t<iframe border=\"0\" src=\"https:\/\/www.trip.com\/partners\/ad\/S5373020?Allianceid=4590391&#038;SID=259219906&#038;trip_sub1=\" style=\"width:900px;height:200px\" frameborder=\"0\" scrolling=\"no\" id=\"S5373020\"><\/iframe>\t\t\t\t\t\t\t\t<\/div>\n\t\t\t\t\t<\/div>\n\t\t<\/div>\n\t\t\t\t\t<\/div>\n\t\t<\/section>\n\t\t\t\t<\/div>","protected":false},"excerpt":{"rendered":"<p>City Xiyouli Hotel: Where Chengdu Breathes Quietly Nestled in the heart of Chengdu\u2019s most culturally rich neighborhood, City Xiyouli Hotel at No. 88 Section 2, Renmin Middle Road, Qingyang District, offers more than a stay\u2014it delivers an immersive journey into the quiet soul of Sichuan. Just minutes from iconic landmarks like the Wuhou Shrine, Jinli [&hellip;]<\/p>\n","protected":false},"author":1,"featured_media":0,"parent":0,"menu_order":0,"comment_status":"closed","ping_status":"closed","template":"","meta":{"footnotes":""},"class_list":["post-5266","page","type-page","status-publish","hentry","post-no-thumbnail"],"_links":{"self":[{"href":"https:\/\/cityxiyoulihotel.com\/es\/wp-json\/wp\/v2\/pages\/5266","targetHints":{"allow":["GET"]}}],"collection":[{"href":"https:\/\/cityxiyoulihotel.com\/es\/wp-json\/wp\/v2\/pages"}],"about":[{"href":"https:\/\/cityxiyoulihotel.com\/es\/wp-json\/wp\/v2\/types\/page"}],"author":[{"embeddable":true,"href":"https:\/\/cityxiyoulihotel.com\/es\/wp-json\/wp\/v2\/users\/1"}],"replies":[{"embeddable":true,"href":"https:\/\/cityxiyoulihotel.com\/es\/wp-json\/wp\/v2\/comments?post=5266"}],"version-history":[{"count":0,"href":"https:\/\/cityxiyoulihotel.com\/es\/wp-json\/wp\/v2\/pages\/5266\/revisions"}],"wp:attachment":[{"href":"https:\/\/cityxiyoulihotel.com\/es\/wp-json\/wp\/v2\/media?parent=5266"}],"curies":[{"name":"wp","href":"https:\/\/api.w.org\/{rel}","templated":true}]}}