{"id":612,"date":"2021-03-26T10:04:13","date_gmt":"2021-03-26T10:04:13","guid":{"rendered":"http:\/\/localhost\/nuss\/?page_id=612"},"modified":"2025-09-14T06:58:19","modified_gmt":"2025-09-14T06:58:19","slug":"restaurant","status":"publish","type":"page","link":"https:\/\/cityxiyoulihotel.com\/de\/restaurant\/","title":{"rendered":"Restaurant"},"content":{"rendered":"<div data-elementor-type=\"wp-page\" data-elementor-id=\"612\" class=\"elementor elementor-612\">\n\t\t\t\t\t\t<section class=\"elementor-section elementor-top-section elementor-element elementor-element-e2effe8 elementor-section-boxed elementor-section-gap-beside-yes elementor-section-height-default elementor-section-height-default elementor-section-column-vertical-align-stretch\" data-id=\"e2effe8\" data-element_type=\"section\" data-e-type=\"section\">\n\t\t\t\t\t\t<div class=\"elementor-container elementor-column-gap-extended\">\n\t\t\t\t\t<div class=\"elementor-column elementor-col-100 elementor-top-column elementor-element elementor-element-e18f688\" data-id=\"e18f688\" data-element_type=\"column\" data-e-type=\"column\">\n\t\t\t<div class=\"elementor-widget-wrap elementor-element-populated\">\n\t\t\t\t\t\t<div class=\"elementor-element elementor-element-6db146d elementor-widget__width-initial elementor-invisible elementor-widget elementor-widget-text-editor\" data-id=\"6db146d\" data-element_type=\"widget\" data-e-type=\"widget\" data-settings=\"{&quot;_animation&quot;:&quot;nussFadeInUp&quot;}\" data-widget_type=\"text-editor.default\">\n\t\t\t\t\t\t\t\t\t<p>Sich gesund und wohl zu f\u00fchlen ist kein Luxus, sondern eine absolute Notwendigkeit. Heilen Sie K\u00f6rper und Seele mit unseren wunderbaren Behandlungen und kehren Sie als neuer Mensch, ruhig und erfrischt nach Hause zur\u00fcck.<\/p>\t\t\t\t\t\t\t\t<\/div>\n\t\t\t\t\t<\/div>\n\t\t<\/div>\n\t\t\t\t\t<\/div>\n\t\t<\/section>\n\t\t<div class=\"elementor-element elementor-element-f8d2952 e-flex e-con-boxed e-con e-parent\" data-id=\"f8d2952\" data-element_type=\"container\" data-e-type=\"container\">\n\t\t\t\t\t<div class=\"e-con-inner\">\n\t\t\t\t<div class=\"elementor-element elementor-element-f9d9fcc elementor-widget elementor-widget-nuss-image-gallery\" data-id=\"f9d9fcc\" data-element_type=\"widget\" data-e-type=\"widget\" data-widget_type=\"nuss-image-gallery.default\">\n\t\t\t\t<div class=\"elementor-widget-container\">\n\t\t\t\t\t\t\t<div class=\"nuss-grid-wrapper\" data-grid=\"{&quot;type&quot;:&quot;grid&quot;,&quot;ratio&quot;:null,&quot;columns&quot;:3,&quot;gutter&quot;:30}\">\r\n\t\t\t<div class=\"nuss-grid lazy-grid\">\r\n\t\t\t\t<div class=\"grid-sizer\"><\/div>\r\n\r\n\t\t\t\t\t\t\t\t\t\t\t\t<div class=\"grid-item\">\r\n\t\t\t\t\t\t<div class=\"nuss-box\">\t\t<div class=\"nuss-image image\">\r\n\t\t\t<img decoding=\"async\"  src=\"https:\/\/cityxiyoulihotel.com\/wp-content\/uploads\/2025\/09\/City-Xiyouli-Hotel-80.webp\" alt=\"City Xiyouli Hotel (80)\" \/>\t\t<\/div>\r\n\t\t\t\t<\/div>\t\t\t\t\t<\/div>\r\n\t\t\t\t\t\t<div class=\"grid-item\">\r\n\t\t\t\t\t\t<div class=\"nuss-box\">\t\t<div class=\"nuss-image image\">\r\n\t\t\t<img decoding=\"async\"  src=\"https:\/\/cityxiyoulihotel.com\/wp-content\/uploads\/2025\/09\/City-Xiyouli-Hotel-79.webp\" alt=\"City Xiyouli Hotel (79)\" \/>\t\t<\/div>\r\n\t\t\t\t<\/div>\t\t\t\t\t<\/div>\r\n\t\t\t\t\t\t<div class=\"grid-item\">\r\n\t\t\t\t\t\t<div class=\"nuss-box\">\t\t<div class=\"nuss-image image\">\r\n\t\t\t<img decoding=\"async\"  src=\"https:\/\/cityxiyoulihotel.com\/wp-content\/uploads\/2025\/09\/City-Xiyouli-Hotel-67.webp\" alt=\"City Xiyouli Hotel (67)\" \/>\t\t<\/div>\r\n\t\t\t\t<\/div>\t\t\t\t\t<\/div>\r\n\t\t\t\t\t\t<div class=\"grid-item\">\r\n\t\t\t\t\t\t<div class=\"nuss-box\">\t\t<div class=\"nuss-image image\">\r\n\t\t\t<img decoding=\"async\"  src=\"https:\/\/cityxiyoulihotel.com\/wp-content\/uploads\/2025\/09\/City-Xiyouli-Hotel-66.webp\" alt=\"City Xiyouli Hotel (66)\" \/>\t\t<\/div>\r\n\t\t\t\t<\/div>\t\t\t\t\t<\/div>\r\n\t\t\t\t\t\t<div class=\"grid-item\">\r\n\t\t\t\t\t\t<div class=\"nuss-box\">\t\t<div class=\"nuss-image image\">\r\n\t\t\t<img decoding=\"async\"  src=\"https:\/\/cityxiyoulihotel.com\/wp-content\/uploads\/2025\/09\/City-Xiyouli-Hotel-65.webp\" alt=\"City Xiyouli Hotel (65)\" \/>\t\t<\/div>\r\n\t\t\t\t<\/div>\t\t\t\t\t<\/div>\r\n\t\t\t\t\t\t<div class=\"grid-item\">\r\n\t\t\t\t\t\t<div class=\"nuss-box\">\t\t<div class=\"nuss-image image\">\r\n\t\t\t<img decoding=\"async\"  src=\"https:\/\/cityxiyoulihotel.com\/wp-content\/uploads\/2025\/09\/City-Xiyouli-Hotel-57.webp\" alt=\"City Xiyouli Hotel (57)\" \/>\t\t<\/div>\r\n\t\t\t\t<\/div>\t\t\t\t\t<\/div>\r\n\t\t\t\t\t\t<div class=\"grid-item\">\r\n\t\t\t\t\t\t<div class=\"nuss-box\">\t\t<div class=\"nuss-image image\">\r\n\t\t\t<img decoding=\"async\"  src=\"https:\/\/cityxiyoulihotel.com\/wp-content\/uploads\/2025\/09\/City-Xiyouli-Hotel-58.webp\" alt=\"City Xiyouli Hotel (58)\" \/>\t\t<\/div>\r\n\t\t\t\t<\/div>\t\t\t\t\t<\/div>\r\n\t\t\t\t\t\t<div class=\"grid-item\">\r\n\t\t\t\t\t\t<div class=\"nuss-box\">\t\t<div class=\"nuss-image image\">\r\n\t\t\t<img decoding=\"async\"  src=\"https:\/\/cityxiyoulihotel.com\/wp-content\/uploads\/2025\/09\/City-Xiyouli-Hotel-59.webp\" alt=\"City Xiyouli Hotel (59)\" \/>\t\t<\/div>\r\n\t\t\t\t<\/div>\t\t\t\t\t<\/div>\r\n\t\t\t\t\t\t<div class=\"grid-item\">\r\n\t\t\t\t\t\t<div class=\"nuss-box\">\t\t<div class=\"nuss-image image\">\r\n\t\t\t<img decoding=\"async\"  src=\"https:\/\/cityxiyoulihotel.com\/wp-content\/uploads\/2025\/09\/City-Xiyouli-Hotel-56.webp\" alt=\"City Xiyouli Hotel (56)\" \/>\t\t<\/div>\r\n\t\t\t\t<\/div>\t\t\t\t\t<\/div>\r\n\t\t\t\t\t\t<div class=\"grid-item\">\r\n\t\t\t\t\t\t<div class=\"nuss-box\">\t\t<div class=\"nuss-image image\">\r\n\t\t\t<img decoding=\"async\"  src=\"https:\/\/cityxiyoulihotel.com\/wp-content\/uploads\/2025\/09\/City-Xiyouli-Hotel-54.webp\" alt=\"City Xiyouli Hotel (54)\" \/>\t\t<\/div>\r\n\t\t\t\t<\/div>\t\t\t\t\t<\/div>\r\n\t\t\t\t\t\t<div class=\"grid-item\">\r\n\t\t\t\t\t\t<div class=\"nuss-box\">\t\t<div class=\"nuss-image image\">\r\n\t\t\t<img decoding=\"async\"  src=\"https:\/\/cityxiyoulihotel.com\/wp-content\/uploads\/2025\/09\/City-Xiyouli-Hotel-53.webp\" alt=\"City Xiyouli Hotel (53)\" \/>\t\t<\/div>\r\n\t\t\t\t<\/div>\t\t\t\t\t<\/div>\r\n\t\t\t\t\t\t<div class=\"grid-item\">\r\n\t\t\t\t\t\t<div class=\"nuss-box\">\t\t<div class=\"nuss-image image\">\r\n\t\t\t<img decoding=\"async\"  src=\"https:\/\/cityxiyoulihotel.com\/wp-content\/uploads\/2025\/09\/City-Xiyouli-Hotel-52.webp\" alt=\"City Xiyouli Hotel (52)\" \/>\t\t<\/div>\r\n\t\t\t\t<\/div>\t\t\t\t\t<\/div>\r\n\t\t\t\t\t\t<div class=\"grid-item\">\r\n\t\t\t\t\t\t<div class=\"nuss-box\">\t\t<div class=\"nuss-image image\">\r\n\t\t\t<img decoding=\"async\"  src=\"https:\/\/cityxiyoulihotel.com\/wp-content\/uploads\/2025\/09\/City-Xiyouli-Hotel-50.webp\" alt=\"City Xiyouli Hotel (50)\" \/>\t\t<\/div>\r\n\t\t\t\t<\/div>\t\t\t\t\t<\/div>\r\n\t\t\t\t\t\t<div class=\"grid-item\">\r\n\t\t\t\t\t\t<div class=\"nuss-box\">\t\t<div class=\"nuss-image image\">\r\n\t\t\t<img decoding=\"async\"  src=\"https:\/\/cityxiyoulihotel.com\/wp-content\/uploads\/2025\/09\/City-Xiyouli-Hotel-49.webp\" alt=\"City Xiyouli Hotel (49)\" \/>\t\t<\/div>\r\n\t\t\t\t<\/div>\t\t\t\t\t<\/div>\r\n\t\t\t\t\t\t<div class=\"grid-item\">\r\n\t\t\t\t\t\t<div class=\"nuss-box\">\t\t<div class=\"nuss-image image\">\r\n\t\t\t<img decoding=\"async\"  src=\"https:\/\/cityxiyoulihotel.com\/wp-content\/uploads\/2025\/09\/City-Xiyouli-Hotel-48.webp\" alt=\"City Xiyouli Hotel (48)\" \/>\t\t<\/div>\r\n\t\t\t\t<\/div>\t\t\t\t\t<\/div>\r\n\t\t\t\t\t\t<div class=\"grid-item\">\r\n\t\t\t\t\t\t<div class=\"nuss-box\">\t\t<div class=\"nuss-image image\">\r\n\t\t\t<img decoding=\"async\"  src=\"https:\/\/cityxiyoulihotel.com\/wp-content\/uploads\/2025\/09\/City-Xiyouli-Hotel-47.webp\" alt=\"City Xiyouli Hotel (47)\" \/>\t\t<\/div>\r\n\t\t\t\t<\/div>\t\t\t\t\t<\/div>\r\n\t\t\t\t\t\t<div class=\"grid-item\">\r\n\t\t\t\t\t\t<div class=\"nuss-box\">\t\t<div class=\"nuss-image image\">\r\n\t\t\t<img decoding=\"async\"  src=\"https:\/\/cityxiyoulihotel.com\/wp-content\/uploads\/2025\/09\/City-Xiyouli-Hotel-42.webp\" alt=\"City Xiyouli Hotel (42)\" \/>\t\t<\/div>\r\n\t\t\t\t<\/div>\t\t\t\t\t<\/div>\r\n\t\t\t\t\t\t<div class=\"grid-item\">\r\n\t\t\t\t\t\t<div class=\"nuss-box\">\t\t<div class=\"nuss-image image\">\r\n\t\t\t<img decoding=\"async\"  src=\"https:\/\/cityxiyoulihotel.com\/wp-content\/uploads\/2025\/09\/City-Xiyouli-Hotel-41.webp\" alt=\"City Xiyouli Hotel (41)\" \/>\t\t<\/div>\r\n\t\t\t\t<\/div>\t\t\t\t\t<\/div>\r\n\t\t\t\t\t\t<div class=\"grid-item\">\r\n\t\t\t\t\t\t<div class=\"nuss-box\">\t\t<div class=\"nuss-image image\">\r\n\t\t\t<img decoding=\"async\"  src=\"https:\/\/cityxiyoulihotel.com\/wp-content\/uploads\/2025\/09\/City-Xiyouli-Hotel-40.webp\" alt=\"City Xiyouli Hotel (40)\" \/>\t\t<\/div>\r\n\t\t\t\t<\/div>\t\t\t\t\t<\/div>\r\n\t\t\t\t\t\t<div class=\"grid-item\">\r\n\t\t\t\t\t\t<div class=\"nuss-box\">\t\t<div class=\"nuss-image image\">\r\n\t\t\t<img decoding=\"async\"  src=\"https:\/\/cityxiyoulihotel.com\/wp-content\/uploads\/2025\/09\/City-Xiyouli-Hotel-38.webp\" alt=\"City Xiyouli Hotel (38)\" \/>\t\t<\/div>\r\n\t\t\t\t<\/div>\t\t\t\t\t<\/div>\r\n\t\t\t\t\t\t<div class=\"grid-item\">\r\n\t\t\t\t\t\t<div class=\"nuss-box\">\t\t<div class=\"nuss-image image\">\r\n\t\t\t<img decoding=\"async\"  src=\"https:\/\/cityxiyoulihotel.com\/wp-content\/uploads\/2025\/09\/City-Xiyouli-Hotel-37.webp\" alt=\"City Xiyouli Hotel (37)\" \/>\t\t<\/div>\r\n\t\t\t\t<\/div>\t\t\t\t\t<\/div>\r\n\t\t\t\t\t\t\t\r\n\t\t\t<\/div>\r\n\t\t<\/div>\r\n\t\t\t\t\t\t<\/div>\n\t\t\t\t<\/div>\n\t\t\t\t\t<\/div>\n\t\t\t\t<\/div>\n\t\t<div class=\"elementor-element elementor-element-d05381b e-flex e-con-boxed e-con e-parent\" data-id=\"d05381b\" data-element_type=\"container\" data-e-type=\"container\">\n\t\t\t\t\t<div class=\"e-con-inner\">\n\t\t\t\t<div class=\"elementor-element elementor-element-53bd849 elementor-widget elementor-widget-text-editor\" data-id=\"53bd849\" data-element_type=\"widget\" data-e-type=\"widget\" data-widget_type=\"text-editor.default\">\n\t\t\t\t\t\t\t\t\t<p data-spm-anchor-id=\"a2ty_o01.29997173.0.i58.612cc921SB393y\">Eingebettet in die ruhige Eleganz des City Xiyouli Hotels in Nr. 88, Abschnitt 2, Renmin Middle Road, Bezirk Qingyang, Chengdu, ist unser Restaurant nicht nur ein Ort zum Essen \u2013 es ist ein umfassendes Sinnesgedicht, eine heilige Pause im Rhythmus einer der pulsierendsten St\u00e4dte Chinas. Hier wird die Sichuan-K\u00fcche nicht f\u00fcr ihre Sch\u00e4rfe, sondern f\u00fcr ihre Tiefe gefeiert. Nicht f\u00fcr ihre Lautst\u00e4rke, sondern f\u00fcr ihre Stimme. Und nicht f\u00fcr das Spektakel, sondern f\u00fcr die Seele.<\/p><p>Dies ist nicht Ihr typisches Sichuan-Speiseerlebnis. Es gibt keine blinkenden Neonschilder, keine dr\u00f6hnenden K\u00fcchen, keine \u00fcberw\u00e4ltigenden Gew\u00fcrze, die den Geschmack \u00fcberdecken. Stattdessen kreiert Chefkoch Li Ming \u2013 ein Chengdu-Geb\u00e4ude in dritter Generation, das in traditionellen Hausk\u00fcchen ausgebildet und nach Kyotos Kaiseki-Tradition verfeinert wurde \u2013 Gerichte, die eher fl\u00fcstern als schreien. Jeder Teller ist eine Meditation: Langsam geschmorter Schweinebauch schmilzt in handgezogenen Nudeln, die mit gereiftem Soja und fermentierten schwarzen Bohnen vom Fu\u00dfe des Emei-Berges verfeinert sind. Mapo-Tofu, anderswo oft in \u00d6l und bet\u00e4ubenden Pfefferk\u00f6rnern ertr\u00e4nkt, pr\u00e4sentiert sich hier als zarte Harmonie \u2013 seidiger Tofu, der einen Hauch Chili\u00f6l umh\u00fcllt, sein charakteristisches Mala prickelt wie eine ferne Erinnerung, nicht wie ein Angriff.<\/p><p>Unsere Zutaten beziehen wir mit gr\u00f6\u00dfter Sorgfalt. Wild gesammelte Kr\u00e4uter aus dem Minshan-Gebirge, Bio-Berggem\u00fcse aus Bio-Kooperativen nahe Dujiangyan, Freilandh\u00fchner aus Bambusfutter und teeger\u00e4ucherte Ente, gep\u00f6kelt \u00fcber Kampfer und Kakiholz \u2013 jedes Element erz\u00e4hlt eine Geschichte von Land, Jahreszeit und Herkunft. Sogar unser Salz wird von Hand aus alten Salzwasserquellen in Zigong gewonnen, zwei Jahre in Tont\u00f6pfen gelagert und anschlie\u00dfend leicht \u00fcber Holzkohle ger\u00f6stet, um seine mineralische Komplexit\u00e4t freizusetzen.<\/p><p>Hier speist man unter von Kunsthandwerkern aus Ya&#039;an gewebten Papierlaternen, deren Schein sanfte Schatten auf handgefertigte Keramik aus Longquan-Brenn\u00f6fen wirft \u2013 jede Sch\u00fcssel, jeder Teller ist einzigartig mit Seladon oder aschegesprenkeltem Steingut glasiert und spiegelt die stille Sch\u00f6nheit der \u00c4sthetik der Song-Dynastie wider. In der Luft liegt der schwache Duft von getrockneten Mandarinenschalen, Jasminbl\u00fcten und ger\u00f6stetem Sesam, der sich dezent im Raum verteilt \u2013 nicht als Duftmarketing, sondern als Ritual.<\/p><p>Wir servieren keine auf Hochglanzpapier gedruckten Speisekarten. Stattdessen erhalten unsere G\u00e4ste jeden Abend eine handkalligrafierte Schriftrolle mit den heutigen Angeboten \u2013 poetische Beschreibungen, mit Tinte geschrieben von einem lokalen Kalligrafen, der uns w\u00f6chentlich besucht. \u201eDie Ente, die von Wolken tr\u00e4umt\u201c, lautet ein Eintrag. \u201eBambussprossen, die dem Regen zufl\u00fcstern.\u201c Das sind keine Spielereien \u2013 es sind Einladungen, langsamer zu machen und bewusst zu genie\u00dfen.<\/p><p>Erg\u00e4nzend zum Essen erwartet Sie unser sorgf\u00e4ltig zusammengestelltes Teeprogramm: eine Reise durch die verborgene Teekultur Sichuans. Probieren Sie seltenen Mengding Ganlu vom Berg Meng, gereiften Pu&#039;er aus dem Hochland von Lijiang oder den einzigartigen \u201eMoonlight White\u201c-Oolong, aufgebr\u00fcht in Yixing-Tonkannen, die seit Generationen \u00fcberliefert sind. Unser Teesommelier begleitet Sie durch jeden Aufguss \u2013 nicht als Service, sondern als gemeinsame Zeremonie.<\/p><p>Auch die Musik ist bewusst gew\u00e4hlt: Zweimal am Abend erklingen Live-Pipa-Auftritte von Meistern, die das klassische Repertoire seit ihrer Kindheit studiert haben. Zwischen den G\u00e4ngen erklingen leise T\u00f6ne \u2013 kein Hintergrundger\u00e4usch, sondern eine Fortsetzung des emotionalen Bogens des Essens.<\/p><p>Im Restaurant City Xiyouli lehnen wir die Vorstellung ab, dass authentische Sichuan-K\u00fcche laut sein muss. Wir glauben, dass sie tiefgr\u00fcndig sein kann. Wir glauben, dass wahre Gastfreundschaft nicht im \u00dcberfluss, sondern in der Pr\u00e4zision liegt. In der Stille. In der Zeit zwischen den Bissen, in der Erinnerungen geweckt werden und die Seele neu harmoniert.<\/p><p>G\u00e4ste aus ganz China und dar\u00fcber hinaus \u2013 darunter mit Michelin-Sternen ausgezeichnete K\u00f6che, Reiseschriftsteller von Cond\u00e9 Nast Traveler und Expats, die echte Kontakte kn\u00fcpfen m\u00f6chten \u2013 kommen nicht nur wegen des Essens, sondern auch wegen des Gef\u00fchls: dem seltenen Gef\u00fchl, nicht nur gef\u00fcttert, sondern auch gen\u00e4hrt zu werden.<\/p><p>Egal, ob Sie ein kulinarischer Pilger sind, der die Essenz von Chengdu erkundet, ein m\u00fcder Reisender, der nach einem Tag in der Jinli-Stra\u00dfe oder der Panda-Basis Ruhe sucht, oder ein Einheimischer, der sich danach sehnt, die Aromen seiner Kindheit wiederzuentdecken, unser Tisch erwartet Sie \u2013 mit Stille, Aufrichtigkeit und Seele.<\/p><p>\ud83d\udccd <strong>Befindet sich im City Xiyouli Hotel \u2013 Nr. 88, Abschnitt 2, Renmin Middle Road, Bezirk Qingyang, Chengdu, Sichuan, China<\/strong><br \/>\ud83c\udf3f 100% aus der Region | Kein Plastik | Nur saisonale Degustationsmen\u00fcs<br \/>\ud83c\udf75 Teebegleitung verf\u00fcgbar | Vegetarische und vegane Anpassungen werden ber\u00fccksichtigt<br \/>\u23f0 T\u00e4glich ge\u00f6ffnet: 11:30 \u2013 22:30 Uhr | Reservierung empfohlen<\/p><p data-spm-anchor-id=\"a2ty_o01.29997173.0.i60.612cc921SB393y\"><em>Dies ist kein Restaurant. Es ist ein Moment. Eine Erinnerung. Eine R\u00fcckkehr zu dem, was Essen sein sollte.<\/em><\/p>\t\t\t\t\t\t\t\t<\/div>\n\t\t\t\t\t<\/div>\n\t\t\t\t<\/div>\n\t\t\t\t<section class=\"elementor-section elementor-top-section elementor-element elementor-element-77d7e313 elementor-section-stretched elementor-section-boxed elementor-section-gap-beside-yes elementor-section-height-default elementor-section-height-default elementor-section-column-vertical-align-stretch\" data-id=\"77d7e313\" data-element_type=\"section\" data-e-type=\"section\" data-settings=\"{&quot;background_background&quot;:&quot;classic&quot;,&quot;stretch_section&quot;:&quot;section-stretched&quot;}\">\n\t\t\t\t\t\t<div class=\"elementor-container elementor-column-gap-extended\">\n\t\t\t\t\t<div class=\"elementor-column elementor-col-100 elementor-top-column elementor-element elementor-element-364adbf2\" data-id=\"364adbf2\" data-element_type=\"column\" data-e-type=\"column\">\n\t\t\t<div class=\"elementor-widget-wrap elementor-element-populated\">\n\t\t\t\t\t\t<div class=\"elementor-element elementor-element-1d74529a elementor-widget elementor-widget-nuss-heading\" data-id=\"1d74529a\" data-element_type=\"widget\" data-e-type=\"widget\" data-widget_type=\"nuss-heading.default\">\n\t\t\t\t<div class=\"elementor-widget-container\">\n\t\t\t\t\t\t\t<div class=\"nuss-modern-heading\">\r\n\t\t\t\t\t\t<div class=\"heading-secondary-wrap\">\r\n\t\t\t\t<h3 class=\"heading-secondary elementor-heading-title\">Verf\u00fcgbarkeit pr\u00fcfen <\/h3>\t\t\t<\/div>\r\n\t\t\r\n\t\t\t\r\n\t\t\t\r\n\t\t\t\t\t<\/div>\r\n\t\t\t\t\t<\/div>\n\t\t\t\t<\/div>\n\t\t\t\t<div class=\"elementor-element elementor-element-7b621690 elementor-widget elementor-widget-text-editor\" data-id=\"7b621690\" data-element_type=\"widget\" data-e-type=\"widget\" data-widget_type=\"text-editor.default\">\n\t\t\t\t\t\t\t\t\t<iframe border=\"0\" src=\"https:\/\/www.trip.com\/partners\/ad\/S5373020?Allianceid=4590391&#038;SID=259219906&#038;trip_sub1=\" style=\"width:900px;height:200px\" frameborder=\"0\" scrolling=\"no\" id=\"S5373020\"><\/iframe>\t\t\t\t\t\t\t\t<\/div>\n\t\t\t\t\t<\/div>\n\t\t<\/div>\n\t\t\t\t\t<\/div>\n\t\t<\/section>\n\t\t\t\t<\/div>","protected":false},"excerpt":{"rendered":"<p>Feeling healthy and well is not a luxury but an absolute necessity. Heal both your soul and body with our miraculous treatments and return home as a new person, calm and refreshed. Nestled within the quiet elegance of City Xiyouli Hotel at No. 88 Section 2, Renmin Middle Road, Qingyang District, Chengdu, our restaurant is [&hellip;]<\/p>\n","protected":false},"author":1,"featured_media":0,"parent":0,"menu_order":0,"comment_status":"closed","ping_status":"closed","template":"","meta":{"footnotes":""},"class_list":["post-612","page","type-page","status-publish","hentry","post-no-thumbnail"],"_links":{"self":[{"href":"https:\/\/cityxiyoulihotel.com\/de\/wp-json\/wp\/v2\/pages\/612","targetHints":{"allow":["GET"]}}],"collection":[{"href":"https:\/\/cityxiyoulihotel.com\/de\/wp-json\/wp\/v2\/pages"}],"about":[{"href":"https:\/\/cityxiyoulihotel.com\/de\/wp-json\/wp\/v2\/types\/page"}],"author":[{"embeddable":true,"href":"https:\/\/cityxiyoulihotel.com\/de\/wp-json\/wp\/v2\/users\/1"}],"replies":[{"embeddable":true,"href":"https:\/\/cityxiyoulihotel.com\/de\/wp-json\/wp\/v2\/comments?post=612"}],"version-history":[{"count":0,"href":"https:\/\/cityxiyoulihotel.com\/de\/wp-json\/wp\/v2\/pages\/612\/revisions"}],"wp:attachment":[{"href":"https:\/\/cityxiyoulihotel.com\/de\/wp-json\/wp\/v2\/media?parent=612"}],"curies":[{"name":"wp","href":"https:\/\/api.w.org\/{rel}","templated":true}]}}