{"id":5266,"date":"2021-07-18T08:03:35","date_gmt":"2021-07-18T08:03:35","guid":{"rendered":"https:\/\/nuss.uxper.co\/luxury-resort\/?page_id=5266"},"modified":"2025-09-14T06:12:37","modified_gmt":"2025-09-14T06:12:37","slug":"uber-uns","status":"publish","type":"page","link":"https:\/\/cityxiyoulihotel.com\/de\/uber-uns\/","title":{"rendered":"\u00dcber uns"},"content":{"rendered":"<div data-elementor-type=\"wp-page\" data-elementor-id=\"5266\" class=\"elementor elementor-5266\">\n\t\t\t\t\t\t<section class=\"elementor-section elementor-top-section elementor-element elementor-element-10416953 elementor-section-boxed elementor-section-gap-beside-yes elementor-section-height-default elementor-section-height-default elementor-section-column-vertical-align-stretch\" data-id=\"10416953\" data-element_type=\"section\" data-e-type=\"section\">\n\t\t\t\t\t\t<div class=\"elementor-container elementor-column-gap-extended\">\n\t\t\t\t\t<div class=\"elementor-column elementor-col-100 elementor-top-column elementor-element elementor-element-29c6aa8\" data-id=\"29c6aa8\" data-element_type=\"column\" data-e-type=\"column\">\n\t\t\t<div class=\"elementor-widget-wrap elementor-element-populated\">\n\t\t\t\t\t\t<div class=\"elementor-element elementor-element-7be18fe7 elementor-widget__width-initial elementor-invisible elementor-widget elementor-widget-text-editor\" data-id=\"7be18fe7\" data-element_type=\"widget\" data-e-type=\"widget\" data-settings=\"{&quot;_animation&quot;:&quot;nussFadeInUp&quot;}\" data-widget_type=\"text-editor.default\">\n\t\t\t\t\t\t\t\t\t<div class=\"svelte-1c06zsf\" data-lang-code=\"\"><p><strong data-spm-anchor-id=\"a2ty_o01.29997173.0.i32.612cc921SB393y\">City Xiyouli Hotel: Wo Chengdu ruhig atmet<\/strong><\/p><\/div>\t\t\t\t\t\t\t\t<\/div>\n\t\t\t\t\t<\/div>\n\t\t<\/div>\n\t\t\t\t\t<\/div>\n\t\t<\/section>\n\t\t\t\t<section class=\"elementor-section elementor-top-section elementor-element elementor-element-7d18327f elementor-section-boxed elementor-section-gap-beside-yes elementor-section-height-default elementor-section-height-default elementor-section-column-vertical-align-stretch\" data-id=\"7d18327f\" data-element_type=\"section\" data-e-type=\"section\">\n\t\t\t\t\t\t<div class=\"elementor-container elementor-column-gap-extended\">\n\t\t\t\t\t<div class=\"elementor-column elementor-col-50 elementor-top-column elementor-element elementor-element-56533670\" data-id=\"56533670\" data-element_type=\"column\" data-e-type=\"column\">\n\t\t\t<div class=\"elementor-widget-wrap elementor-element-populated\">\n\t\t\t\t\t\t<div class=\"elementor-element elementor-element-19c3f543 elementor-invisible elementor-widget elementor-widget-text-editor\" data-id=\"19c3f543\" data-element_type=\"widget\" data-e-type=\"widget\" data-settings=\"{&quot;_animation&quot;:&quot;nussFadeInUp&quot;}\" data-widget_type=\"text-editor.default\">\n\t\t\t\t\t\t\t\t\t<p>Das City Xiyouli Hotel in der Renmin Middle Road Nr. 88, Abschnitt 2, Qingyang, liegt im Herzen von Chengdus kulturell reichstem Viertel und bietet mehr als nur einen Aufenthalt \u2013 es erm\u00f6glicht eine intensive Reise in die stille Seele Sichuans. Nur wenige Minuten von ber\u00fchmten Sehensw\u00fcrdigkeiten wie dem Wuhou-Schrein, der Jinli Ancient Street und der Chengdu Research Base of Giant Panda Breeding entfernt, definiert dieses Boutique-Hotel Gastfreundschaft durch dezente Eleganz, durchdachtes Design und tiefe lokale Authentizit\u00e4t neu.<\/p>\t\t\t\t\t\t\t\t<\/div>\n\t\t\t\t\t<\/div>\n\t\t<\/div>\n\t\t\t\t<div class=\"elementor-column elementor-col-50 elementor-top-column elementor-element elementor-element-30f14127\" data-id=\"30f14127\" data-element_type=\"column\" data-e-type=\"column\">\n\t\t\t<div class=\"elementor-widget-wrap elementor-element-populated\">\n\t\t\t\t\t\t<div class=\"elementor-element elementor-element-59aea08 elementor-widget elementor-widget-image\" data-id=\"59aea08\" data-element_type=\"widget\" data-e-type=\"widget\" data-widget_type=\"image.default\">\n\t\t\t\t\t\t\t\t\t\t\t\t\t\t\t<img fetchpriority=\"high\" decoding=\"async\" width=\"1024\" height=\"575\" src=\"https:\/\/cityxiyoulihotel.com\/wp-content\/uploads\/2025\/09\/City-Xiyouli-Hotel-168-1024x575.webp\" class=\"attachment-large size-large wp-image-6189\" alt=\"\" srcset=\"https:\/\/cityxiyoulihotel.com\/wp-content\/uploads\/2025\/09\/City-Xiyouli-Hotel-168-1024x575.webp 1024w, https:\/\/cityxiyoulihotel.com\/wp-content\/uploads\/2025\/09\/City-Xiyouli-Hotel-168-300x169.webp 300w, https:\/\/cityxiyoulihotel.com\/wp-content\/uploads\/2025\/09\/City-Xiyouli-Hotel-168-768x431.webp 768w, https:\/\/cityxiyoulihotel.com\/wp-content\/uploads\/2025\/09\/City-Xiyouli-Hotel-168-18x10.webp 18w, https:\/\/cityxiyoulihotel.com\/wp-content\/uploads\/2025\/09\/City-Xiyouli-Hotel-168.webp 1280w\" sizes=\"(max-width: 1024px) 100vw, 1024px\" \/>\t\t\t\t\t\t\t\t\t\t\t\t\t\t\t<\/div>\n\t\t\t\t\t<\/div>\n\t\t<\/div>\n\t\t\t\t\t<\/div>\n\t\t<\/section>\n\t\t\t\t<section class=\"elementor-section elementor-top-section elementor-element elementor-element-29fb8578 elementor-section-height-min-height elementor-section-stretched elementor-section-full_width elementor-section-items-stretch elementor-section-height-default elementor-section-column-vertical-align-stretch\" data-id=\"29fb8578\" data-element_type=\"section\" data-e-type=\"section\" data-settings=\"{&quot;stretch_section&quot;:&quot;section-stretched&quot;}\">\n\t\t\t\t\t\t<div class=\"elementor-container elementor-column-gap-no\">\n\t\t\t\t\t<div class=\"elementor-column elementor-col-50 elementor-top-column elementor-element elementor-element-40ac270b\" data-id=\"40ac270b\" data-element_type=\"column\" data-e-type=\"column\">\n\t\t\t<div class=\"elementor-widget-wrap elementor-element-populated\">\n\t\t\t\t\t\t<div class=\"elementor-element elementor-element-20872773 elementor-widget__width-initial elementor-widget-mobile__width-inherit elementor-invisible nuss-elementor-loading nuss-slide-in-right elementor-widget elementor-widget-image\" data-id=\"20872773\" data-element_type=\"widget\" data-e-type=\"widget\" data-settings=\"{&quot;_animation&quot;:&quot;nussSlideInRight&quot;}\" data-widget_type=\"image.default\">\n\t\t\t\t\t\t\t\t\t\t\t\t\t\t\t<img decoding=\"async\" width=\"1277\" height=\"853\" src=\"https:\/\/cityxiyoulihotel.com\/wp-content\/uploads\/2025\/09\/City-Xiyouli-Hotel-229.webp\" class=\"attachment-full size-full wp-image-6250\" alt=\"\" srcset=\"https:\/\/cityxiyoulihotel.com\/wp-content\/uploads\/2025\/09\/City-Xiyouli-Hotel-229.webp 1277w, https:\/\/cityxiyoulihotel.com\/wp-content\/uploads\/2025\/09\/City-Xiyouli-Hotel-229-300x200.webp 300w, https:\/\/cityxiyoulihotel.com\/wp-content\/uploads\/2025\/09\/City-Xiyouli-Hotel-229-1024x684.webp 1024w, https:\/\/cityxiyoulihotel.com\/wp-content\/uploads\/2025\/09\/City-Xiyouli-Hotel-229-768x513.webp 768w, https:\/\/cityxiyoulihotel.com\/wp-content\/uploads\/2025\/09\/City-Xiyouli-Hotel-229-18x12.webp 18w\" sizes=\"(max-width: 1277px) 100vw, 1277px\" \/>\t\t\t\t\t\t\t\t\t\t\t\t\t\t\t<\/div>\n\t\t\t\t\t<\/div>\n\t\t<\/div>\n\t\t\t\t<div class=\"elementor-column elementor-col-50 elementor-top-column elementor-element elementor-element-2dac103\" data-id=\"2dac103\" data-element_type=\"column\" data-e-type=\"column\">\n\t\t\t<div class=\"elementor-widget-wrap elementor-element-populated\">\n\t\t\t\t\t\t<div class=\"elementor-element elementor-element-6f1b8966 elementor-invisible elementor-widget elementor-widget-text-editor\" data-id=\"6f1b8966\" data-element_type=\"widget\" data-e-type=\"widget\" data-settings=\"{&quot;_animation&quot;:&quot;nussFadeInUp&quot;}\" data-widget_type=\"text-editor.default\">\n\t\t\t\t\t\t\t\t\t<p data-spm-anchor-id=\"a2ty_o01.29997173.0.i27.612cc921SB393y\">Treten Sie ein und lassen Sie das pulsierende Treiben der Stadt hinter sich. Jeder Winkel des City Xiyouli spiegelt das Erbe Sichuans wider: Handgewebtes Leinen schmiegt sich sanft \u00fcber Teakholzb\u00f6den, Tusche-Kalligrafie ziert minimalistische W\u00e4nde und der subtile Duft von Jasmin und getrockneten Mandarinen liegt in der Luft \u2013 nicht f\u00fcr Spektakel, sondern f\u00fcr Ruhe und Entspannung geschaffen. Die Zimmer sind Oasen der Ruhe, mit Bambusfaserbettw\u00e4sche, die Sie wie auf Wolken schlafen l\u00e4sst, Kr\u00e4uterbaderitualen mit regionalen Pflanzen und raumhohen Fenstern, die den goldenen Schein der D\u00e4mmerung von Chengdu einrahmen.<\/p><div class=\"my-2\">\u00a0<\/div><p>In unserem preisgekr\u00f6nten Restaurant verwandelt Chefkoch Li jahrhundertealte Sichuan-Rezepte in poetische kulinarische Erlebnisse \u2013 wo Mapo Tofu nicht vor Hitze schreit, sondern tiefgr\u00fcndig murmelt; wo teeger\u00e4ucherte Ente nach traditionellen Techniken langsam gep\u00f6kelt wird und handgezogene Nudeln zart geschmortes Schweinefleisch in Harmonie mit gereifter Sojasauce und hauchzarten Sichuan-Pfefferk\u00f6rnern umh\u00fcllen. Jedes Gericht wird auf handget\u00f6pfertem Keramikgeschirr serviert und unter Papierlaternen zu Pipa-Melodien erklingt.<\/p>\t\t\t\t\t\t\t\t<\/div>\n\t\t\t\t\t<\/div>\n\t\t<\/div>\n\t\t\t\t\t<\/div>\n\t\t<\/section>\n\t\t\t\t<section class=\"elementor-section elementor-top-section elementor-element elementor-element-1ccdf95 elementor-section-height-min-height elementor-section-stretched elementor-section-full_width elementor-section-items-stretch elementor-section-height-default elementor-section-column-vertical-align-stretch\" data-id=\"1ccdf95\" data-element_type=\"section\" data-e-type=\"section\" data-settings=\"{&quot;stretch_section&quot;:&quot;section-stretched&quot;}\">\n\t\t\t\t\t\t<div class=\"elementor-container elementor-column-gap-no\">\n\t\t\t\t\t<div class=\"elementor-column elementor-col-50 elementor-top-column elementor-element elementor-element-a0f0a37\" data-id=\"a0f0a37\" data-element_type=\"column\" data-e-type=\"column\">\n\t\t\t<div class=\"elementor-widget-wrap elementor-element-populated\">\n\t\t\t\t\t\t<div class=\"elementor-element elementor-element-9b72b97 elementor-invisible elementor-widget elementor-widget-text-editor\" data-id=\"9b72b97\" data-element_type=\"widget\" data-e-type=\"widget\" data-settings=\"{&quot;_animation&quot;:&quot;nussFadeInUp&quot;}\" data-widget_type=\"text-editor.default\">\n\t\t\t\t\t\t\t\t\t<p data-spm-anchor-id=\"a2ty_o01.29997173.0.i28.612cc921SB393y\">Unser Service ist intuitiv, nicht aufdringlich \u2013 wir erinnern uns nach einer Nacht an Ihre bevorzugte Kissenart, servieren Ihnen im Morgengrauen unaufgefordert ged\u00e4mpfte Br\u00f6tchen und begr\u00fc\u00dfen Sie nach n\u00e4chtlichen Erkundungen mit einem warmen Handtuch und einer stillen Laterne. Das ist kein Hotelservice. Das ist Sichuan-Gastfreundschaft, neu interpretiert f\u00fcr den modernen Reisenden, der Sinn und nicht nur Unterkunft sucht.<\/p><div class=\"my-2\">\u00a0<\/div><p>Ob Sie Chengdus ber\u00fchmte w\u00fcrzige K\u00fcche entdecken, in den alten Tempeln meditieren oder einfach nur der Stille entfliehen m\u00f6chten \u2013 das City Xiyouli Hotel ist Ihr R\u00fcckzugsort in Bewegung. Mehr als nur ein Ort zum Schlafen \u2013 es ist eine Pause im Puls der Welt. Entdecken Sie, warum anspruchsvolle Reisende Jahr f\u00fcr Jahr zur\u00fcckkehren, um sich auszuruhen, neue Kraft zu tanken und die stille Magie Chengdus neu zu entdecken \u2013 im City Xiyouli, wo jedes Detail mit Absicht strahlt.<\/p><div class=\"my-2\">\u00a0<\/div><p data-spm-anchor-id=\"a2ty_o01.29997173.0.i29.612cc921SB393y\">\ud83d\udccd Perfekte Lage im Bezirk Qingyang \u2013 U-Bahn-Linie 4, kulturelle Juwelen und authentische Stra\u00dfenimbisse sind zu Fu\u00df erreichbar.<br \/>\ud83c\udf3f Nachhaltig. Gef\u00fchlvoll. Einzigartig Chengdu.<br \/>Ihre Reise beginnt nicht mit L\u00e4rm, sondern mit Stille.<\/p><div class=\"my-2\">\u00a0<\/div><p data-spm-anchor-id=\"a2ty_o01.29997173.0.i30.612cc921SB393y\"><em>Buchen Sie Ihren Aufenthalt noch heute und erleben Sie Chengdu so, wie man es f\u00fchlen \u2013 nicht sehen \u2013 sollte.<\/em><\/p>\t\t\t\t\t\t\t\t<\/div>\n\t\t\t\t\t<\/div>\n\t\t<\/div>\n\t\t\t\t<div class=\"elementor-column elementor-col-50 elementor-top-column elementor-element elementor-element-490b0a5\" data-id=\"490b0a5\" data-element_type=\"column\" data-e-type=\"column\">\n\t\t\t<div class=\"elementor-widget-wrap elementor-element-populated\">\n\t\t\t\t\t\t<div class=\"elementor-element elementor-element-fd94c60 elementor-widget__width-initial elementor-widget-mobile__width-inherit elementor-invisible nuss-elementor-loading nuss-slide-in-right elementor-widget elementor-widget-image\" data-id=\"fd94c60\" data-element_type=\"widget\" data-e-type=\"widget\" data-settings=\"{&quot;_animation&quot;:&quot;nussSlideInRight&quot;}\" data-widget_type=\"image.default\">\n\t\t\t\t\t\t\t\t\t\t\t\t\t\t\t<img decoding=\"async\" width=\"1277\" height=\"853\" src=\"https:\/\/cityxiyoulihotel.com\/wp-content\/uploads\/2025\/09\/City-Xiyouli-Hotel-181.webp\" class=\"attachment-full size-full wp-image-6202\" alt=\"\" srcset=\"https:\/\/cityxiyoulihotel.com\/wp-content\/uploads\/2025\/09\/City-Xiyouli-Hotel-181.webp 1277w, https:\/\/cityxiyoulihotel.com\/wp-content\/uploads\/2025\/09\/City-Xiyouli-Hotel-181-300x200.webp 300w, https:\/\/cityxiyoulihotel.com\/wp-content\/uploads\/2025\/09\/City-Xiyouli-Hotel-181-1024x684.webp 1024w, https:\/\/cityxiyoulihotel.com\/wp-content\/uploads\/2025\/09\/City-Xiyouli-Hotel-181-768x513.webp 768w, https:\/\/cityxiyoulihotel.com\/wp-content\/uploads\/2025\/09\/City-Xiyouli-Hotel-181-18x12.webp 18w\" sizes=\"(max-width: 1277px) 100vw, 1277px\" \/>\t\t\t\t\t\t\t\t\t\t\t\t\t\t\t<\/div>\n\t\t\t\t\t<\/div>\n\t\t<\/div>\n\t\t\t\t\t<\/div>\n\t\t<\/section>\n\t\t\t\t<section class=\"elementor-section elementor-top-section elementor-element elementor-element-2092b7d0 elementor-section-stretched elementor-section-boxed elementor-section-gap-beside-yes elementor-section-height-default elementor-section-height-default elementor-section-column-vertical-align-stretch\" data-id=\"2092b7d0\" data-element_type=\"section\" data-e-type=\"section\" data-settings=\"{&quot;background_background&quot;:&quot;classic&quot;,&quot;stretch_section&quot;:&quot;section-stretched&quot;}\">\n\t\t\t\t\t\t<div class=\"elementor-container elementor-column-gap-extended\">\n\t\t\t\t\t<div class=\"elementor-column elementor-col-100 elementor-top-column elementor-element elementor-element-be69d75\" data-id=\"be69d75\" data-element_type=\"column\" data-e-type=\"column\">\n\t\t\t<div class=\"elementor-widget-wrap elementor-element-populated\">\n\t\t\t\t\t\t<div class=\"elementor-element elementor-element-320c022 elementor-widget elementor-widget-nuss-heading\" data-id=\"320c022\" data-element_type=\"widget\" data-e-type=\"widget\" data-widget_type=\"nuss-heading.default\">\n\t\t\t\t<div class=\"elementor-widget-container\">\n\t\t\t\t\t\t\t<div class=\"nuss-modern-heading\">\r\n\t\t\t\t\t\t<div class=\"heading-secondary-wrap\">\r\n\t\t\t\t<h3 class=\"heading-secondary elementor-heading-title\">Verf\u00fcgbarkeit pr\u00fcfen <\/h3>\t\t\t<\/div>\r\n\t\t\r\n\t\t\t\r\n\t\t\t\r\n\t\t\t\t\t<\/div>\r\n\t\t\t\t\t<\/div>\n\t\t\t\t<\/div>\n\t\t\t\t<div class=\"elementor-element elementor-element-fe69a93 elementor-widget elementor-widget-text-editor\" data-id=\"fe69a93\" data-element_type=\"widget\" data-e-type=\"widget\" data-widget_type=\"text-editor.default\">\n\t\t\t\t\t\t\t\t\t<iframe border=\"0\" src=\"https:\/\/www.trip.com\/partners\/ad\/S5373020?Allianceid=4590391&#038;SID=259219906&#038;trip_sub1=\" style=\"width:900px;height:200px\" frameborder=\"0\" scrolling=\"no\" id=\"S5373020\"><\/iframe>\t\t\t\t\t\t\t\t<\/div>\n\t\t\t\t\t<\/div>\n\t\t<\/div>\n\t\t\t\t\t<\/div>\n\t\t<\/section>\n\t\t\t\t<\/div>","protected":false},"excerpt":{"rendered":"<p>City Xiyouli Hotel: Where Chengdu Breathes Quietly Nestled in the heart of Chengdu\u2019s most culturally rich neighborhood, City Xiyouli Hotel at No. 88 Section 2, Renmin Middle Road, Qingyang District, offers more than a stay\u2014it delivers an immersive journey into the quiet soul of Sichuan. Just minutes from iconic landmarks like the Wuhou Shrine, Jinli [&hellip;]<\/p>\n","protected":false},"author":1,"featured_media":0,"parent":0,"menu_order":0,"comment_status":"closed","ping_status":"closed","template":"","meta":{"footnotes":""},"class_list":["post-5266","page","type-page","status-publish","hentry","post-no-thumbnail"],"_links":{"self":[{"href":"https:\/\/cityxiyoulihotel.com\/de\/wp-json\/wp\/v2\/pages\/5266","targetHints":{"allow":["GET"]}}],"collection":[{"href":"https:\/\/cityxiyoulihotel.com\/de\/wp-json\/wp\/v2\/pages"}],"about":[{"href":"https:\/\/cityxiyoulihotel.com\/de\/wp-json\/wp\/v2\/types\/page"}],"author":[{"embeddable":true,"href":"https:\/\/cityxiyoulihotel.com\/de\/wp-json\/wp\/v2\/users\/1"}],"replies":[{"embeddable":true,"href":"https:\/\/cityxiyoulihotel.com\/de\/wp-json\/wp\/v2\/comments?post=5266"}],"version-history":[{"count":0,"href":"https:\/\/cityxiyoulihotel.com\/de\/wp-json\/wp\/v2\/pages\/5266\/revisions"}],"wp:attachment":[{"href":"https:\/\/cityxiyoulihotel.com\/de\/wp-json\/wp\/v2\/media?parent=5266"}],"curies":[{"name":"wp","href":"https:\/\/api.w.org\/{rel}","templated":true}]}}